{"id":6102,"date":"2025-11-02T02:38:20","date_gmt":"2025-11-02T02:38:20","guid":{"rendered":"https:\/\/bradteamacademy.org\/?page_id=6102"},"modified":"2025-11-02T03:02:14","modified_gmt":"2025-11-02T03:02:14","slug":"our-patients-deutsch","status":"publish","type":"page","link":"https:\/\/bradteamacademy.org\/ar\/our-patients-deutsch\/","title":{"rendered":"Our patients Deutsch"},"content":{"rendered":"<div data-elementor-type=\"wp-page\" data-elementor-id=\"6102\" class=\"elementor elementor-6102\">\n\t\t\t\t<div class=\"elementor-element elementor-element-00f18ba e-flex e-con-boxed wpr-particle-no wpr-jarallax-no wpr-parallax-no wpr-sticky-section-no e-con e-parent\" data-id=\"00f18ba\" data-element_type=\"container\" data-settings=\"{&quot;background_background&quot;:&quot;classic&quot;}\">\n\t\t\t\t\t<div class=\"e-con-inner\">\n\t\t<div class=\"elementor-element elementor-element-3c7a836 e-con-full e-flex wpr-particle-no wpr-jarallax-no wpr-parallax-no wpr-sticky-section-no e-con e-child\" data-id=\"3c7a836\" data-element_type=\"container\">\n\t\t\t\t<div class=\"elementor-element elementor-element-05efdcb wpr-logo-position-center elementor-widget elementor-widget-wpr-logo\" data-id=\"05efdcb\" data-element_type=\"widget\" data-widget_type=\"wpr-logo.default\">\n\t\t\t\t\t\t\t\t\n\t\t\t<div class=\"wpr-logo elementor-clearfix\">\n\n\t\t\t\t\t\t\t\t<picture class=\"wpr-logo-image\">\n\t\t\t\t\t\t\t\t\t\t<source media=\"(max-width: 767px)\" srcset=\"https:\/\/bradteamacademy.org\/wp-content\/uploads\/2023\/12\/logo-brad-1.png\">\t\n\t\t\t\t\t\n\t\t\t\t\t\t\t\t\t\t<source srcset=\"https:\/\/bradteamacademy.org\/wp-content\/uploads\/2023\/12\/logo-brad.png 1x, https:\/\/bradteamacademy.org\/wp-content\/uploads\/2023\/12\/logo-brad-1.png 2x\">\t\n\t\t\t\t\t\t\t\t\t\t\n\t\t\t\t\t<img decoding=\"async\" src=\"https:\/\/bradteamacademy.org\/wp-content\/uploads\/2023\/12\/logo-brad.png\" alt=\"\">\n\n\t\t\t\t\t\t\t\t\t\t\t<a class=\"wpr-logo-url\" rel=\"home\" aria-label=\"\" href=\"https:\/\/bradteamacademy.org\/ar\/\"><\/a>\n\t\t\t\t\t\t\t\t\t<\/picture>\n\t\t\t\t\n\t\t\t\t\n\t\t\t\t\t\t\t\t\t<a class=\"wpr-logo-url\" rel=\"home\" aria-label=\"\" href=\"https:\/\/bradteamacademy.org\/ar\/\"><\/a>\n\t\t\t\t\n\t\t\t<\/div>\n\t\t\t\t\n\t\t\t\t\t\t<\/div>\n\t\t\t\t<\/div>\n\t\t<div class=\"elementor-element elementor-element-daa08fe e-con-full e-flex wpr-particle-no wpr-jarallax-no wpr-parallax-no wpr-sticky-section-no e-con e-child\" data-id=\"daa08fe\" data-element_type=\"container\">\n\t\t\t\t<div class=\"elementor-element elementor-element-afab22a wpr-main-menu-align-center wpr-pointer-line-fx wpr-pointer-fx-slide wpr-main-menu-align--tabletcenter wpr-nav-menu-bp-tablet wpr-main-menu-align--mobilecenter wpr-pointer-underline wpr-sub-icon-caret-down wpr-sub-menu-fx-fade wpr-mobile-menu-full-width wpr-mobile-menu-item-align-center wpr-mobile-toggle-v1 wpr-sub-divider-yes elementor-widget elementor-widget-wpr-nav-menu\" data-id=\"afab22a\" data-element_type=\"widget\" data-settings=\"{&quot;menu_layout&quot;:&quot;horizontal&quot;}\" data-widget_type=\"wpr-nav-menu.default\">\n\t\t\t\t\t<nav class=\"wpr-nav-menu-container wpr-nav-menu-horizontal\" data-trigger=\"hover\"><ul id=\"menu-1-afab22a\" class=\"wpr-nav-menu\"><li class=\"menu-item menu-item-type-post_type menu-item-object-page menu-item-5571\"><a href=\"https:\/\/bradteamacademy.org\/ar\/home\/\" class=\"wpr-menu-item wpr-pointer-item\">Hauptseite<\/a><\/li>\n<li class=\"menu-item menu-item-type-post_type menu-item-object-page menu-item-5572\"><a href=\"https:\/\/bradteamacademy.org\/ar\/about-2\/\" class=\"wpr-menu-item wpr-pointer-item\">\u00dcber uns<\/a><\/li>\n<li class=\"menu-item menu-item-type-post_type menu-item-object-page menu-item-6172\"><a href=\"https:\/\/bradteamacademy.org\/ar\/our-patients-deutsch\/\" class=\"wpr-menu-item wpr-pointer-item\">Unsere Patienten<\/a><\/li>\n<li class=\"menu-item menu-item-type-post_type menu-item-object-page menu-item-5573\"><a href=\"https:\/\/bradteamacademy.org\/ar\/contact-deutsch\/\" class=\"wpr-menu-item wpr-pointer-item\">Kontakt<\/a><\/li>\n<li class=\"menu-item menu-item-type-custom menu-item-object-custom menu-item-has-children menu-item-5574\"><a aria-haspopup=\"true\" aria-expanded=\"false\" href=\"#\" class=\"wpr-menu-item wpr-pointer-item\">languages<i class=\"wpr-sub-icon fas\" aria-hidden=\"true\"><\/i><\/a>\n<ul class=\"sub-menu wpr-sub-menu\">\n\t<li class=\"menu-item menu-item-type-post_type menu-item-object-page menu-item-home menu-item-5881\"><a href=\"https:\/\/bradteamacademy.org\/ar\/\" class=\"wpr-sub-menu-item\">English<\/a><\/li>\n\t<li class=\"menu-item menu-item-type-custom menu-item-object-custom menu-item-home menu-item-5882\"><a href=\"https:\/\/bradteamacademy.org\/ar\/\" class=\"wpr-sub-menu-item\">Arabic<\/a><\/li>\n\t<li class=\"menu-item menu-item-type-post_type menu-item-object-page menu-item-5577\"><a href=\"https:\/\/bradteamacademy.org\/ar\/home\/\" class=\"wpr-sub-menu-item\">Deutsch<\/a><\/li>\n<\/ul>\n<\/li>\n<\/ul><\/nav><nav class=\"wpr-mobile-nav-menu-container\"><div class=\"wpr-mobile-toggle-wrap\"><div class=\"wpr-mobile-toggle\"><span class=\"wpr-mobile-toggle-line\"><\/span><span class=\"wpr-mobile-toggle-line\"><\/span><span class=\"wpr-mobile-toggle-line\"><\/span><\/div><\/div><ul id=\"mobile-menu-2-afab22a\" class=\"wpr-mobile-nav-menu\"><li class=\"menu-item menu-item-type-post_type menu-item-object-page menu-item-5571\"><a href=\"https:\/\/bradteamacademy.org\/ar\/home\/\" class=\"wpr-mobile-menu-item\">Hauptseite<\/a><\/li>\n<li class=\"menu-item menu-item-type-post_type menu-item-object-page menu-item-5572\"><a href=\"https:\/\/bradteamacademy.org\/ar\/about-2\/\" class=\"wpr-mobile-menu-item\">\u00dcber uns<\/a><\/li>\n<li class=\"menu-item menu-item-type-post_type menu-item-object-page menu-item-6172\"><a href=\"https:\/\/bradteamacademy.org\/ar\/our-patients-deutsch\/\" class=\"wpr-mobile-menu-item\">Unsere Patienten<\/a><\/li>\n<li class=\"menu-item menu-item-type-post_type menu-item-object-page menu-item-5573\"><a href=\"https:\/\/bradteamacademy.org\/ar\/contact-deutsch\/\" class=\"wpr-mobile-menu-item\">Kontakt<\/a><\/li>\n<li class=\"menu-item menu-item-type-custom menu-item-object-custom menu-item-has-children menu-item-5574\"><a href=\"#\" class=\"wpr-mobile-menu-item\">languages<\/a>\n<ul class=\"sub-menu wpr-sub-menu\">\n\t<li class=\"menu-item menu-item-type-post_type menu-item-object-page menu-item-home menu-item-5881\"><a href=\"https:\/\/bradteamacademy.org\/ar\/\" class=\"wpr-mobile-sub-menu-item\">English<\/a><\/li>\n\t<li class=\"menu-item menu-item-type-custom menu-item-object-custom menu-item-home menu-item-5882\"><a href=\"https:\/\/bradteamacademy.org\/ar\/\" class=\"wpr-mobile-sub-menu-item\">Arabic<\/a><\/li>\n\t<li class=\"menu-item menu-item-type-post_type menu-item-object-page menu-item-5577\"><a href=\"https:\/\/bradteamacademy.org\/ar\/home\/\" class=\"wpr-mobile-sub-menu-item\">Deutsch<\/a><\/li>\n<\/ul>\n<\/li>\n<\/ul><\/nav>\t\t\t\t<\/div>\n\t\t\t\t<\/div>\n\t\t\t\t\t<\/div>\n\t\t\t\t<\/div>\n\t\t<div class=\"elementor-element elementor-element-58f1416 e-flex e-con-boxed wpr-particle-no wpr-jarallax-no wpr-parallax-no wpr-sticky-section-no e-con e-parent\" data-id=\"58f1416\" data-element_type=\"container\">\n\t\t\t\t\t<div class=\"e-con-inner\">\n\t\t\t\t<div class=\"elementor-element elementor-element-49e2e1a elementor-widget elementor-widget-heading\" data-id=\"49e2e1a\" data-element_type=\"widget\" data-widget_type=\"heading.default\">\n\t\t\t\t\t<h2 class=\"elementor-heading-title elementor-size-default\">Rekonstruktive und \u00e4sthetische Gesicht\u2011 und Kieferchirurgie\u200b\n<\/h2>\t\t\t\t<\/div>\n\t\t\t\t<div class=\"elementor-element elementor-element-81c23f6 elementor-widget elementor-widget-text-editor\" data-id=\"81c23f6\" data-element_type=\"widget\" data-widget_type=\"text-editor.default\">\n\t\t\t\t\t\t\t\t\t<div class=\"elementor-element elementor-element-43360b4f elementor-widget elementor-widget-text-editor\" data-id=\"43360b4f\" data-element_type=\"widget\" data-widget_type=\"text-editor.default\"><p><strong>Unser medizinisches Team bietet umfassende und integrierte Versorgung in zahlreichen Subdisziplinen, darunter:<\/strong><\/p><\/div>\t\t\t\t\t\t\t\t<\/div>\n\t\t<div class=\"elementor-element elementor-element-916fb6a e-grid e-con-full wpr-particle-no wpr-jarallax-no wpr-parallax-no wpr-sticky-section-no e-con e-child\" data-id=\"916fb6a\" data-element_type=\"container\">\n\t\t\t\t<div class=\"elementor-element elementor-element-2882926 elementor-position-top elementor-widget elementor-widget-image-box\" data-id=\"2882926\" data-element_type=\"widget\" data-widget_type=\"image-box.default\">\n\t\t\t\t\t<div class=\"elementor-image-box-wrapper\"><figure class=\"elementor-image-box-img\"><a href=\"https:\/\/bradteamacademy.org\/ar\/orthognathic-jaw-surgery-cases-deutsch\/\" tabindex=\"-1\"><img fetchpriority=\"high\" decoding=\"async\" width=\"256\" height=\"256\" src=\"https:\/\/bradteamacademy.org\/wp-content\/uploads\/2025\/09\/jaw.png\" class=\"attachment-full size-full wp-image-2346\" alt=\"\" srcset=\"https:\/\/bradteamacademy.org\/wp-content\/uploads\/2025\/09\/jaw.png 256w, https:\/\/bradteamacademy.org\/wp-content\/uploads\/2025\/09\/jaw-150x150.png 150w\" sizes=\"(max-width: 256px) 100vw, 256px\" \/><\/a><\/figure><div class=\"elementor-image-box-content\"><h3 class=\"elementor-image-box-title\"><a href=\"https:\/\/bradteamacademy.org\/ar\/orthognathic-jaw-surgery-cases-deutsch\/\">Kieferorthognathische Chirurgie<\/a><\/h3><\/div><\/div>\t\t\t\t<\/div>\n\t\t\t\t<div class=\"elementor-element elementor-element-448d108 elementor-position-top elementor-widget elementor-widget-image-box\" data-id=\"448d108\" data-element_type=\"widget\" data-widget_type=\"image-box.default\">\n\t\t\t\t\t<div class=\"elementor-image-box-wrapper\"><figure class=\"elementor-image-box-img\"><a href=\"https:\/\/bradteamacademy.org\/ar\/cleft-lip-and-palate-surgery-cases-deutsch\/\" tabindex=\"-1\"><img decoding=\"async\" width=\"256\" height=\"256\" src=\"https:\/\/bradteamacademy.org\/wp-content\/uploads\/2025\/09\/cleft-lip.png\" class=\"attachment-full size-full wp-image-2807\" alt=\"\" srcset=\"https:\/\/bradteamacademy.org\/wp-content\/uploads\/2025\/09\/cleft-lip.png 256w, https:\/\/bradteamacademy.org\/wp-content\/uploads\/2025\/09\/cleft-lip-150x150.png 150w, https:\/\/bradteamacademy.org\/wp-content\/uploads\/2025\/09\/cleft-lip-12x12.png 12w\" sizes=\"(max-width: 256px) 100vw, 256px\" \/><\/a><\/figure><div class=\"elementor-image-box-content\"><h3 class=\"elementor-image-box-title\"><a href=\"https:\/\/bradteamacademy.org\/ar\/cleft-lip-and-palate-surgery-cases-deutsch\/\">Spalt\u2011Operationen<\/a><\/h3><\/div><\/div>\t\t\t\t<\/div>\n\t\t\t\t<div class=\"elementor-element elementor-element-c52cd5c elementor-widget__width-initial elementor-position-top elementor-widget elementor-widget-image-box\" data-id=\"c52cd5c\" data-element_type=\"widget\" data-widget_type=\"image-box.default\">\n\t\t\t\t\t<div class=\"elementor-image-box-wrapper\"><figure class=\"elementor-image-box-img\"><a href=\"https:\/\/bradteamacademy.org\/ar\/3d-printing-ai-assisted-prostheses-cases-deutsch\/\" tabindex=\"-1\"><img fetchpriority=\"high\" decoding=\"async\" width=\"256\" height=\"256\" src=\"https:\/\/bradteamacademy.org\/wp-content\/uploads\/2025\/09\/jaw.png\" class=\"attachment-full size-full wp-image-2346\" alt=\"\" srcset=\"https:\/\/bradteamacademy.org\/wp-content\/uploads\/2025\/09\/jaw.png 256w, https:\/\/bradteamacademy.org\/wp-content\/uploads\/2025\/09\/jaw-150x150.png 150w\" sizes=\"(max-width: 256px) 100vw, 256px\" \/><\/a><\/figure><div class=\"elementor-image-box-content\"><h3 class=\"elementor-image-box-title\"><a href=\"https:\/\/bradteamacademy.org\/ar\/3d-printing-ai-assisted-prostheses-cases-deutsch\/\">Rekonstruktion mittels 3D\u2011Druck und KI\u2011gest\u00fctzten Techniken<\/a><\/h3><\/div><\/div>\t\t\t\t<\/div>\n\t\t\t\t<div class=\"elementor-element elementor-element-87c4d78 elementor-position-top elementor-widget elementor-widget-image-box\" data-id=\"87c4d78\" data-element_type=\"widget\" data-widget_type=\"image-box.default\">\n\t\t\t\t\t<div class=\"elementor-image-box-wrapper\"><figure class=\"elementor-image-box-img\"><a href=\"https:\/\/bradteamacademy.org\/ar\/maxillofacial-trauma-case\/\" tabindex=\"-1\"><img decoding=\"async\" width=\"256\" height=\"256\" src=\"https:\/\/bradteamacademy.org\/wp-content\/uploads\/2025\/09\/injury.png\" class=\"attachment-full size-full wp-image-2808\" alt=\"\" srcset=\"https:\/\/bradteamacademy.org\/wp-content\/uploads\/2025\/09\/injury.png 256w, https:\/\/bradteamacademy.org\/wp-content\/uploads\/2025\/09\/injury-150x150.png 150w, https:\/\/bradteamacademy.org\/wp-content\/uploads\/2025\/09\/injury-12x12.png 12w\" sizes=\"(max-width: 256px) 100vw, 256px\" \/><\/a><\/figure><div class=\"elementor-image-box-content\"><h3 class=\"elementor-image-box-title\"><a href=\"https:\/\/bradteamacademy.org\/ar\/maxillofacial-trauma-case\/\">Gesichts\u2011 und Kiefertraumachirurgie<\/a><\/h3><\/div><\/div>\t\t\t\t<\/div>\n\t\t\t\t<div class=\"elementor-element elementor-element-438ad10 elementor-position-top elementor-widget elementor-widget-image-box\" data-id=\"438ad10\" data-element_type=\"widget\" data-widget_type=\"image-box.default\">\n\t\t\t\t\t<div class=\"elementor-image-box-wrapper\"><figure class=\"elementor-image-box-img\"><a href=\"https:\/\/bradteamacademy.org\/ar\/temporomandibular-joint-tmj-disorders-cases\/\" tabindex=\"-1\"><img loading=\"lazy\" decoding=\"async\" width=\"45\" height=\"45\" src=\"https:\/\/bradteamacademy.org\/wp-content\/uploads\/2025\/09\/Picture6.svg\" class=\"attachment-full size-full wp-image-1465\" alt=\"\" \/><\/a><\/figure><div class=\"elementor-image-box-content\"><h3 class=\"elementor-image-box-title\"><a href=\"https:\/\/bradteamacademy.org\/ar\/temporomandibular-joint-tmj-disorders-cases\/\">St\u00f6rungen des Kiefergelenks (TMJ\u2011Disorders)<\/a><\/h3><\/div><\/div>\t\t\t\t<\/div>\n\t\t\t\t<div class=\"elementor-element elementor-element-2acd5c2 elementor-position-top elementor-widget elementor-widget-image-box\" data-id=\"2acd5c2\" data-element_type=\"widget\" data-widget_type=\"image-box.default\">\n\t\t\t\t\t<div class=\"elementor-image-box-wrapper\"><figure class=\"elementor-image-box-img\"><a href=\"https:\/\/bradteamacademy.org\/ar\/facial-aesthetic-treatments-non-surgical-surgical-cases-deutsch\/\" tabindex=\"-1\"><img loading=\"lazy\" decoding=\"async\" width=\"40\" height=\"40\" src=\"https:\/\/bradteamacademy.org\/wp-content\/uploads\/2025\/09\/Picture9.svg\" class=\"attachment-full size-full wp-image-1468\" alt=\"\" \/><\/a><\/figure><div class=\"elementor-image-box-content\"><h3 class=\"elementor-image-box-title\"><a href=\"https:\/\/bradteamacademy.org\/ar\/facial-aesthetic-treatments-non-surgical-surgical-cases-deutsch\/\">\u00c4sthetisch\u2011chirurgische und nicht\u2011chirurgische Gesichtsbehandlungen<\/a><\/h3><\/div><\/div>\t\t\t\t<\/div>\n\t\t\t\t<div class=\"elementor-element elementor-element-5d042b0 elementor-position-top elementor-widget elementor-widget-image-box\" data-id=\"5d042b0\" data-element_type=\"widget\" data-widget_type=\"image-box.default\">\n\t\t\t\t\t<div class=\"elementor-image-box-wrapper\"><figure class=\"elementor-image-box-img\"><a href=\"https:\/\/bradteamacademy.org\/ar\/oral-maxillofacial-tumors-cases-deutsch\/\" tabindex=\"-1\"><img loading=\"lazy\" decoding=\"async\" width=\"40\" height=\"40\" src=\"https:\/\/bradteamacademy.org\/wp-content\/uploads\/2025\/09\/Picture11.svg\" class=\"attachment-full size-full wp-image-1469\" alt=\"\" \/><\/a><\/figure><div class=\"elementor-image-box-content\"><h3 class=\"elementor-image-box-title\"><a href=\"https:\/\/bradteamacademy.org\/ar\/oral-maxillofacial-tumors-cases-deutsch\/\">Tumore und Rekonstruktive Chirurgie of Mund, Gesicht und Kiefer<\/a><\/h3><\/div><\/div>\t\t\t\t<\/div>\n\t\t\t\t<div class=\"elementor-element elementor-element-f578d60 elementor-position-top elementor-widget elementor-widget-image-box\" data-id=\"f578d60\" data-element_type=\"widget\" data-widget_type=\"image-box.default\">\n\t\t\t\t\t<div class=\"elementor-image-box-wrapper\"><figure class=\"elementor-image-box-img\"><a href=\"https:\/\/bradteamacademy.org\/ar\/craniofacial-deformities-cases\/\" tabindex=\"-1\"><img loading=\"lazy\" decoding=\"async\" width=\"40\" height=\"40\" src=\"https:\/\/bradteamacademy.org\/wp-content\/uploads\/2025\/09\/Picture3.svg\" class=\"attachment-full size-full wp-image-1462\" alt=\"\" \/><\/a><\/figure><div class=\"elementor-image-box-content\"><h3 class=\"elementor-image-box-title\"><a href=\"https:\/\/bradteamacademy.org\/ar\/craniofacial-deformities-cases\/\">Kraniomaxillofaziale Fehlbildungen<\/a><\/h3><\/div><\/div>\t\t\t\t<\/div>\n\t\t\t\t<\/div>\n\t\t\t\t\t<\/div>\n\t\t\t\t<\/div>\n\t\t\t\t<\/div>","protected":false},"excerpt":{"rendered":"<p>Hauptseite \u00dcber uns Kontakt languages English Arabic Deutsch Hauptseite \u00dcber uns Kontakt languages English Arabic Deutsch Rekonstruktive und \u00e4sthetische Gesicht\u2011 und Kieferchirurgie\u200b Unser medizinisches Team bietet umfassende und integrierte Versorgung in zahlreichen Subdisziplinen, darunter: Kieferorthognathische Chirurgie Spalt\u2011Operationen Rekonstruktion mittels 3D\u2011Druck und KI\u2011gest\u00fctzten Techniken Gesichts\u2011 und Kiefertraumachirurgie St\u00f6rungen des Kiefergelenks (TMJ\u2011Disorders) \u00c4sthetisch\u2011chirurgische und nicht\u2011chirurgische Gesichtsbehandlungen Tumore und Rekonstruktive Chirurgie of Mund, Gesicht und Kiefer Kraniomaxillofaziale Fehlbildungen<\/p>","protected":false},"author":1,"featured_media":0,"parent":0,"menu_order":0,"comment_status":"closed","ping_status":"closed","template":"elementor_canvas","meta":{"footnotes":""},"class_list":["post-6102","page","type-page","status-publish","hentry"],"yoast_head":"<!-- This site is optimized with the Yoast SEO plugin v26.2 - https:\/\/yoast.com\/wordpress\/plugins\/seo\/ -->\n<title>Our patients Deutsch - bradteam1<\/title>\n<meta name=\"robots\" content=\"index, follow, max-snippet:-1, max-image-preview:large, max-video-preview:-1\" \/>\n<link rel=\"canonical\" href=\"https:\/\/bradteamacademy.org\/ar\/our-patients-deutsch\/\" \/>\n<meta property=\"og:locale\" content=\"ar_AR\" \/>\n<meta property=\"og:type\" content=\"article\" \/>\n<meta property=\"og:title\" content=\"Our patients Deutsch - bradteam1\" \/>\n<meta property=\"og:description\" content=\"Hauptseite \u00dcber uns Kontakt languages English Arabic Deutsch Hauptseite \u00dcber uns Kontakt languages English Arabic Deutsch Rekonstruktive und \u00e4sthetische Gesicht\u2011 und Kieferchirurgie\u200b Unser medizinisches Team bietet umfassende und integrierte Versorgung in zahlreichen Subdisziplinen, darunter: Kieferorthognathische Chirurgie Spalt\u2011Operationen Rekonstruktion mittels 3D\u2011Druck und KI\u2011gest\u00fctzten Techniken Gesichts\u2011 und Kiefertraumachirurgie St\u00f6rungen des Kiefergelenks (TMJ\u2011Disorders) \u00c4sthetisch\u2011chirurgische und nicht\u2011chirurgische Gesichtsbehandlungen Tumore und Rekonstruktive Chirurgie of Mund, Gesicht und Kiefer Kraniomaxillofaziale Fehlbildungen\" \/>\n<meta property=\"og:url\" content=\"https:\/\/bradteamacademy.org\/ar\/our-patients-deutsch\/\" \/>\n<meta property=\"og:site_name\" content=\"bradteam1\" \/>\n<meta property=\"article:modified_time\" content=\"2025-11-02T03:02:14+00:00\" \/>\n<meta property=\"og:image\" content=\"https:\/\/bradteamacademy.org\/wp-content\/uploads\/2023\/12\/logo-brad.png\" \/>\n<meta name=\"twitter:card\" content=\"summary_large_image\" \/>\n<meta name=\"twitter:label1\" content=\"\u0648\u0642\u062a \u0627\u0644\u0642\u0631\u0627\u0621\u0629 \u0627\u0644\u0645\u064f\u0642\u062f\u0651\u0631\" \/>\n\t<meta name=\"twitter:data1\" content=\"3 \u062f\u0642\u0627\u0626\u0642\" \/>\n<script type=\"application\/ld+json\" class=\"yoast-schema-graph\">{\"@context\":\"https:\/\/schema.org\",\"@graph\":[{\"@type\":\"WebPage\",\"@id\":\"https:\/\/bradteamacademy.org\/our-patients-deutsch\/\",\"url\":\"https:\/\/bradteamacademy.org\/our-patients-deutsch\/\",\"name\":\"Our patients Deutsch - bradteam1\",\"isPartOf\":{\"@id\":\"https:\/\/bradteamacademy.org\/#website\"},\"primaryImageOfPage\":{\"@id\":\"https:\/\/bradteamacademy.org\/our-patients-deutsch\/#primaryimage\"},\"image\":{\"@id\":\"https:\/\/bradteamacademy.org\/our-patients-deutsch\/#primaryimage\"},\"thumbnailUrl\":\"https:\/\/bradteamacademy.org\/wp-content\/uploads\/2023\/12\/logo-brad.png\",\"datePublished\":\"2025-11-02T02:38:20+00:00\",\"dateModified\":\"2025-11-02T03:02:14+00:00\",\"breadcrumb\":{\"@id\":\"https:\/\/bradteamacademy.org\/our-patients-deutsch\/#breadcrumb\"},\"inLanguage\":\"ar\",\"potentialAction\":[{\"@type\":\"ReadAction\",\"target\":[\"https:\/\/bradteamacademy.org\/our-patients-deutsch\/\"]}]},{\"@type\":\"ImageObject\",\"inLanguage\":\"ar\",\"@id\":\"https:\/\/bradteamacademy.org\/our-patients-deutsch\/#primaryimage\",\"url\":\"https:\/\/bradteamacademy.org\/wp-content\/uploads\/2023\/12\/logo-brad.png\",\"contentUrl\":\"https:\/\/bradteamacademy.org\/wp-content\/uploads\/2023\/12\/logo-brad.png\"},{\"@type\":\"BreadcrumbList\",\"@id\":\"https:\/\/bradteamacademy.org\/our-patients-deutsch\/#breadcrumb\",\"itemListElement\":[{\"@type\":\"ListItem\",\"position\":1,\"name\":\"Home\",\"item\":\"https:\/\/bradteamacademy.org\/\"},{\"@type\":\"ListItem\",\"position\":2,\"name\":\"Our patients Deutsch\"}]},{\"@type\":\"WebSite\",\"@id\":\"https:\/\/bradteamacademy.org\/#website\",\"url\":\"https:\/\/bradteamacademy.org\/\",\"name\":\"bradteam1\",\"description\":\"Just another WordPress site\",\"potentialAction\":[{\"@type\":\"SearchAction\",\"target\":{\"@type\":\"EntryPoint\",\"urlTemplate\":\"https:\/\/bradteamacademy.org\/?s={search_term_string}\"},\"query-input\":{\"@type\":\"PropertyValueSpecification\",\"valueRequired\":true,\"valueName\":\"search_term_string\"}}],\"inLanguage\":\"ar\"}]}<\/script>\n<!-- \/ Yoast SEO plugin. -->","yoast_head_json":{"title":"Our patients Deutsch - bradteam1","robots":{"index":"index","follow":"follow","max-snippet":"max-snippet:-1","max-image-preview":"max-image-preview:large","max-video-preview":"max-video-preview:-1"},"canonical":"https:\/\/bradteamacademy.org\/ar\/our-patients-deutsch\/","og_locale":"ar_AR","og_type":"article","og_title":"Our patients Deutsch - bradteam1","og_description":"Hauptseite \u00dcber uns Kontakt languages English Arabic Deutsch Hauptseite \u00dcber uns Kontakt languages English Arabic Deutsch Rekonstruktive und \u00e4sthetische Gesicht\u2011 und Kieferchirurgie\u200b Unser medizinisches Team bietet umfassende und integrierte Versorgung in zahlreichen Subdisziplinen, darunter: Kieferorthognathische Chirurgie Spalt\u2011Operationen Rekonstruktion mittels 3D\u2011Druck und KI\u2011gest\u00fctzten Techniken Gesichts\u2011 und Kiefertraumachirurgie St\u00f6rungen des Kiefergelenks (TMJ\u2011Disorders) \u00c4sthetisch\u2011chirurgische und nicht\u2011chirurgische Gesichtsbehandlungen Tumore und Rekonstruktive Chirurgie of Mund, Gesicht und Kiefer Kraniomaxillofaziale Fehlbildungen","og_url":"https:\/\/bradteamacademy.org\/ar\/our-patients-deutsch\/","og_site_name":"bradteam1","article_modified_time":"2025-11-02T03:02:14+00:00","og_image":[{"url":"https:\/\/bradteamacademy.org\/wp-content\/uploads\/2023\/12\/logo-brad.png","type":"","width":"","height":""}],"twitter_card":"summary_large_image","twitter_misc":{"\u0648\u0642\u062a \u0627\u0644\u0642\u0631\u0627\u0621\u0629 \u0627\u0644\u0645\u064f\u0642\u062f\u0651\u0631":"3 \u062f\u0642\u0627\u0626\u0642"},"schema":{"@context":"https:\/\/schema.org","@graph":[{"@type":"WebPage","@id":"https:\/\/bradteamacademy.org\/our-patients-deutsch\/","url":"https:\/\/bradteamacademy.org\/our-patients-deutsch\/","name":"Our patients Deutsch - bradteam1","isPartOf":{"@id":"https:\/\/bradteamacademy.org\/#website"},"primaryImageOfPage":{"@id":"https:\/\/bradteamacademy.org\/our-patients-deutsch\/#primaryimage"},"image":{"@id":"https:\/\/bradteamacademy.org\/our-patients-deutsch\/#primaryimage"},"thumbnailUrl":"https:\/\/bradteamacademy.org\/wp-content\/uploads\/2023\/12\/logo-brad.png","datePublished":"2025-11-02T02:38:20+00:00","dateModified":"2025-11-02T03:02:14+00:00","breadcrumb":{"@id":"https:\/\/bradteamacademy.org\/our-patients-deutsch\/#breadcrumb"},"inLanguage":"ar","potentialAction":[{"@type":"ReadAction","target":["https:\/\/bradteamacademy.org\/our-patients-deutsch\/"]}]},{"@type":"ImageObject","inLanguage":"ar","@id":"https:\/\/bradteamacademy.org\/our-patients-deutsch\/#primaryimage","url":"https:\/\/bradteamacademy.org\/wp-content\/uploads\/2023\/12\/logo-brad.png","contentUrl":"https:\/\/bradteamacademy.org\/wp-content\/uploads\/2023\/12\/logo-brad.png"},{"@type":"BreadcrumbList","@id":"https:\/\/bradteamacademy.org\/our-patients-deutsch\/#breadcrumb","itemListElement":[{"@type":"ListItem","position":1,"name":"Home","item":"https:\/\/bradteamacademy.org\/"},{"@type":"ListItem","position":2,"name":"Our patients Deutsch"}]},{"@type":"WebSite","@id":"https:\/\/bradteamacademy.org\/#website","url":"https:\/\/bradteamacademy.org\/","name":"bradteam1","description":"Just another WordPress site","potentialAction":[{"@type":"SearchAction","target":{"@type":"EntryPoint","urlTemplate":"https:\/\/bradteamacademy.org\/?s={search_term_string}"},"query-input":{"@type":"PropertyValueSpecification","valueRequired":true,"valueName":"search_term_string"}}],"inLanguage":"ar"}]}},"_links":{"self":[{"href":"https:\/\/bradteamacademy.org\/ar\/wp-json\/wp\/v2\/pages\/6102","targetHints":{"allow":["GET"]}}],"collection":[{"href":"https:\/\/bradteamacademy.org\/ar\/wp-json\/wp\/v2\/pages"}],"about":[{"href":"https:\/\/bradteamacademy.org\/ar\/wp-json\/wp\/v2\/types\/page"}],"author":[{"embeddable":true,"href":"https:\/\/bradteamacademy.org\/ar\/wp-json\/wp\/v2\/users\/1"}],"replies":[{"embeddable":true,"href":"https:\/\/bradteamacademy.org\/ar\/wp-json\/wp\/v2\/comments?post=6102"}],"version-history":[{"count":25,"href":"https:\/\/bradteamacademy.org\/ar\/wp-json\/wp\/v2\/pages\/6102\/revisions"}],"predecessor-version":[{"id":6168,"href":"https:\/\/bradteamacademy.org\/ar\/wp-json\/wp\/v2\/pages\/6102\/revisions\/6168"}],"wp:attachment":[{"href":"https:\/\/bradteamacademy.org\/ar\/wp-json\/wp\/v2\/media?parent=6102"}],"curies":[{"name":"wp","href":"https:\/\/api.w.org\/{rel}","templated":true}]}}