{"id":5498,"date":"2025-10-29T17:32:54","date_gmt":"2025-10-29T17:32:54","guid":{"rendered":"https:\/\/bradteamacademy.org\/?page_id=5498"},"modified":"2025-10-30T09:40:05","modified_gmt":"2025-10-30T09:40:05","slug":"craniofacial-deformities-deutsch","status":"publish","type":"page","link":"https:\/\/bradteamacademy.org\/ar\/craniofacial-deformities-deutsch\/","title":{"rendered":"Craniofacial Deformities Deutsch"},"content":{"rendered":"<div data-elementor-type=\"wp-page\" data-elementor-id=\"5498\" class=\"elementor elementor-5498\">\n\t\t\t\t<div class=\"elementor-element elementor-element-875e1e5 e-flex e-con-boxed wpr-particle-no wpr-jarallax-no wpr-parallax-no wpr-sticky-section-no e-con e-parent\" data-id=\"875e1e5\" data-element_type=\"container\" data-settings=\"{&quot;background_background&quot;:&quot;classic&quot;}\">\n\t\t\t\t\t<div class=\"e-con-inner\">\n\t\t<div class=\"elementor-element elementor-element-6ac40c7 e-con-full e-flex wpr-particle-no wpr-jarallax-no wpr-parallax-no wpr-sticky-section-no e-con e-child\" data-id=\"6ac40c7\" data-element_type=\"container\">\n\t\t\t\t<div class=\"elementor-element elementor-element-14ffa04 wpr-logo-position-center elementor-widget elementor-widget-wpr-logo\" data-id=\"14ffa04\" data-element_type=\"widget\" data-widget_type=\"wpr-logo.default\">\n\t\t\t\t\t\t\t\t\n\t\t\t<div class=\"wpr-logo elementor-clearfix\">\n\n\t\t\t\t\t\t\t\t<picture class=\"wpr-logo-image\">\n\t\t\t\t\t\t\t\t\t\t<source media=\"(max-width: 767px)\" srcset=\"https:\/\/bradteamacademy.org\/wp-content\/uploads\/2023\/12\/logo-brad-1.png\">\t\n\t\t\t\t\t\n\t\t\t\t\t\t\t\t\t\t<source srcset=\"https:\/\/bradteamacademy.org\/wp-content\/uploads\/2023\/12\/logo-brad.png 1x, https:\/\/bradteamacademy.org\/wp-content\/uploads\/2023\/12\/logo-brad-1.png 2x\">\t\n\t\t\t\t\t\t\t\t\t\t\n\t\t\t\t\t<img decoding=\"async\" src=\"https:\/\/bradteamacademy.org\/wp-content\/uploads\/2023\/12\/logo-brad.png\" alt=\"\">\n\n\t\t\t\t\t\t\t\t\t\t\t<a class=\"wpr-logo-url\" rel=\"home\" aria-label=\"\" href=\"https:\/\/bradteamacademy.org\/ar\/\"><\/a>\n\t\t\t\t\t\t\t\t\t<\/picture>\n\t\t\t\t\n\t\t\t\t\n\t\t\t\t\t\t\t\t\t<a class=\"wpr-logo-url\" rel=\"home\" aria-label=\"\" href=\"https:\/\/bradteamacademy.org\/ar\/\"><\/a>\n\t\t\t\t\n\t\t\t<\/div>\n\t\t\t\t\n\t\t\t\t\t\t<\/div>\n\t\t\t\t<\/div>\n\t\t<div class=\"elementor-element elementor-element-a51438e e-con-full e-flex wpr-particle-no wpr-jarallax-no wpr-parallax-no wpr-sticky-section-no e-con e-child\" data-id=\"a51438e\" data-element_type=\"container\">\n\t\t\t\t<div class=\"elementor-element elementor-element-6fe9414 wpr-main-menu-align-center wpr-pointer-line-fx wpr-pointer-fx-slide wpr-main-menu-align--tabletcenter wpr-nav-menu-bp-tablet wpr-main-menu-align--mobilecenter wpr-pointer-underline wpr-sub-icon-caret-down wpr-sub-menu-fx-fade wpr-mobile-menu-full-width wpr-mobile-menu-item-align-center wpr-mobile-toggle-v1 wpr-sub-divider-yes elementor-widget elementor-widget-wpr-nav-menu\" data-id=\"6fe9414\" data-element_type=\"widget\" data-settings=\"{&quot;menu_layout&quot;:&quot;horizontal&quot;}\" data-widget_type=\"wpr-nav-menu.default\">\n\t\t\t\t\t<nav class=\"wpr-nav-menu-container wpr-nav-menu-horizontal\" data-trigger=\"hover\"><ul id=\"menu-1-6fe9414\" class=\"wpr-nav-menu\"><li class=\"menu-item menu-item-type-post_type menu-item-object-page menu-item-5571\"><a href=\"https:\/\/bradteamacademy.org\/ar\/home\/\" class=\"wpr-menu-item wpr-pointer-item\">Hauptseite<\/a><\/li>\n<li class=\"menu-item menu-item-type-post_type menu-item-object-page menu-item-5572\"><a href=\"https:\/\/bradteamacademy.org\/ar\/about-2\/\" class=\"wpr-menu-item wpr-pointer-item\">\u00dcber uns<\/a><\/li>\n<li class=\"menu-item menu-item-type-post_type menu-item-object-page menu-item-6172\"><a href=\"https:\/\/bradteamacademy.org\/ar\/our-patients-deutsch\/\" class=\"wpr-menu-item wpr-pointer-item\">Unsere Patienten<\/a><\/li>\n<li class=\"menu-item menu-item-type-post_type menu-item-object-page menu-item-5573\"><a href=\"https:\/\/bradteamacademy.org\/ar\/contact-deutsch\/\" class=\"wpr-menu-item wpr-pointer-item\">Kontakt<\/a><\/li>\n<li class=\"menu-item menu-item-type-custom menu-item-object-custom menu-item-has-children menu-item-5574\"><a aria-haspopup=\"true\" aria-expanded=\"false\" href=\"#\" class=\"wpr-menu-item wpr-pointer-item\">languages<i class=\"wpr-sub-icon fas\" aria-hidden=\"true\"><\/i><\/a>\n<ul class=\"sub-menu wpr-sub-menu\">\n\t<li class=\"menu-item menu-item-type-post_type menu-item-object-page menu-item-home menu-item-5881\"><a href=\"https:\/\/bradteamacademy.org\/ar\/\" class=\"wpr-sub-menu-item\">English<\/a><\/li>\n\t<li class=\"menu-item menu-item-type-custom menu-item-object-custom menu-item-home menu-item-5882\"><a href=\"https:\/\/bradteamacademy.org\/ar\/\" class=\"wpr-sub-menu-item\">Arabic<\/a><\/li>\n\t<li class=\"menu-item menu-item-type-post_type menu-item-object-page menu-item-5577\"><a href=\"https:\/\/bradteamacademy.org\/ar\/home\/\" class=\"wpr-sub-menu-item\">Deutsch<\/a><\/li>\n<\/ul>\n<\/li>\n<\/ul><\/nav><nav class=\"wpr-mobile-nav-menu-container\"><div class=\"wpr-mobile-toggle-wrap\"><div class=\"wpr-mobile-toggle\"><span class=\"wpr-mobile-toggle-line\"><\/span><span class=\"wpr-mobile-toggle-line\"><\/span><span class=\"wpr-mobile-toggle-line\"><\/span><\/div><\/div><ul id=\"mobile-menu-2-6fe9414\" class=\"wpr-mobile-nav-menu\"><li class=\"menu-item menu-item-type-post_type menu-item-object-page menu-item-5571\"><a href=\"https:\/\/bradteamacademy.org\/ar\/home\/\" class=\"wpr-mobile-menu-item\">Hauptseite<\/a><\/li>\n<li class=\"menu-item menu-item-type-post_type menu-item-object-page menu-item-5572\"><a href=\"https:\/\/bradteamacademy.org\/ar\/about-2\/\" class=\"wpr-mobile-menu-item\">\u00dcber uns<\/a><\/li>\n<li class=\"menu-item menu-item-type-post_type menu-item-object-page menu-item-6172\"><a href=\"https:\/\/bradteamacademy.org\/ar\/our-patients-deutsch\/\" class=\"wpr-mobile-menu-item\">Unsere Patienten<\/a><\/li>\n<li class=\"menu-item menu-item-type-post_type menu-item-object-page menu-item-5573\"><a href=\"https:\/\/bradteamacademy.org\/ar\/contact-deutsch\/\" class=\"wpr-mobile-menu-item\">Kontakt<\/a><\/li>\n<li class=\"menu-item menu-item-type-custom menu-item-object-custom menu-item-has-children menu-item-5574\"><a href=\"#\" class=\"wpr-mobile-menu-item\">languages<\/a>\n<ul class=\"sub-menu wpr-sub-menu\">\n\t<li class=\"menu-item menu-item-type-post_type menu-item-object-page menu-item-home menu-item-5881\"><a href=\"https:\/\/bradteamacademy.org\/ar\/\" class=\"wpr-mobile-sub-menu-item\">English<\/a><\/li>\n\t<li class=\"menu-item menu-item-type-custom menu-item-object-custom menu-item-home menu-item-5882\"><a href=\"https:\/\/bradteamacademy.org\/ar\/\" class=\"wpr-mobile-sub-menu-item\">Arabic<\/a><\/li>\n\t<li class=\"menu-item menu-item-type-post_type menu-item-object-page menu-item-5577\"><a href=\"https:\/\/bradteamacademy.org\/ar\/home\/\" class=\"wpr-mobile-sub-menu-item\">Deutsch<\/a><\/li>\n<\/ul>\n<\/li>\n<\/ul><\/nav>\t\t\t\t<\/div>\n\t\t\t\t<\/div>\n\t\t\t\t\t<\/div>\n\t\t\t\t<\/div>\n\t\t<div class=\"elementor-element elementor-element-13b1ff1 e-flex e-con-boxed wpr-particle-no wpr-jarallax-no wpr-parallax-no wpr-sticky-section-no e-con e-parent\" data-id=\"13b1ff1\" data-element_type=\"container\">\n\t\t\t\t\t<div class=\"e-con-inner\">\n\t\t\t\t<div class=\"elementor-element elementor-element-90e6e83 elementor-widget elementor-widget-heading\" data-id=\"90e6e83\" data-element_type=\"widget\" data-widget_type=\"heading.default\">\n\t\t\t\t\t<h2 class=\"elementor-heading-title elementor-size-default\">Kraniomaxillofaziale Fehlbildungen<\/h2>\t\t\t\t<\/div>\n\t\t\t\t\t<\/div>\n\t\t\t\t<\/div>\n\t\t<div class=\"elementor-element elementor-element-71a96e2 e-flex e-con-boxed wpr-particle-no wpr-jarallax-no wpr-parallax-no wpr-sticky-section-no e-con e-parent\" data-id=\"71a96e2\" data-element_type=\"container\">\n\t\t\t\t\t<div class=\"e-con-inner\">\n\t\t<div class=\"elementor-element elementor-element-1a0224c e-con-full e-flex wpr-particle-no wpr-jarallax-no wpr-parallax-no wpr-sticky-section-no e-con e-child\" data-id=\"1a0224c\" data-element_type=\"container\">\n\t\t\t\t<div class=\"elementor-element elementor-element-e0d7042 elementor-invisible elementor-widget elementor-widget-text-editor\" data-id=\"e0d7042\" data-element_type=\"widget\" data-settings=\"{&quot;_animation&quot;:&quot;zoomIn&quot;}\" data-widget_type=\"text-editor.default\">\n\t\t\t\t\t\t\t\t\t<p>Fehlbildungen von Sch\u00e4del und Gesicht \u2013 ob angeboren, durch Verletzungen oder durch Entwicklungsst\u00f6rungen \u2013 k\u00f6nnen Aussehen, Gesundheit und Lebensqualit\u00e4t stark beeinflussen. Diese Zust\u00e4nde k\u00f6nnen Sch\u00e4del, Kiefer oder Gesichts\u2011knochen betreffen und oft Funktionen wie Atmung, Kauen und Sprache beeintr\u00e4chtigen.<\/p><p>Durch fortschrittliche Bildgebung, 3D chirurgische Planung und feinste chirurgische Techniken arbeiten wir daran, Gesichtssymmetrie wiederherzustellen, Funktion zu verbessern und \u00c4sthetik zu f\u00f6rdern. Jeder Behandlungsplan wird individuell gestaltet, unser Engagement h\u00f6rt nicht bei der Operation auf, sondern umfasst auch Erholung, Rehabilitation und langfristige Pflege.<\/p><p>Unsere Mission ist nicht nur die Korrektur der Deformit\u00e4t, sondern jedem Patienten zu erm\u00f6glichen, eine m\u00f6glichst hohe Lebensqualit\u00e4t zu erreichen.<\/p>\t\t\t\t\t\t\t\t<\/div>\n\t\t\t\t<\/div>\n\t\t<div class=\"elementor-element elementor-element-e814d9c e-con-full e-flex wpr-particle-no wpr-jarallax-no wpr-parallax-no wpr-sticky-section-no e-con e-child\" data-id=\"e814d9c\" data-element_type=\"container\">\n\t\t\t\t<div class=\"elementor-element elementor-element-6a84446 elementor-invisible elementor-widget elementor-widget-image\" data-id=\"6a84446\" data-element_type=\"widget\" data-settings=\"{&quot;_animation&quot;:&quot;zoomIn&quot;}\" data-widget_type=\"image.default\">\n\t\t\t\t\t\t\t\t\t\t\t\t\t\t\t<img decoding=\"async\" src=\"https:\/\/bradteamacademy.org\/wp-content\/plugins\/elementor\/assets\/images\/placeholder.png\" title=\"\" alt=\"\" loading=\"lazy\" \/>\t\t\t\t\t\t\t\t\t\t\t\t\t\t\t<\/div>\n\t\t\t\t<\/div>\n\t\t\t\t\t<\/div>\n\t\t\t\t<\/div>\n\t\t\t\t<\/div>","protected":false},"excerpt":{"rendered":"<p>Home About Contact languages Arabic English Deutsch Home About Contact languages Arabic English Deutsch Kraniomaxillofaziale Fehlbildungen Fehlbildungen von Sch\u00e4del und Gesicht \u2013 ob angeboren, durch Verletzungen oder durch Entwicklungsst\u00f6rungen \u2013 k\u00f6nnen Aussehen, Gesundheit und Lebensqualit\u00e4t stark beeinflussen. Diese Zust\u00e4nde k\u00f6nnen Sch\u00e4del, Kiefer oder Gesichts\u2011knochen betreffen und oft Funktionen wie Atmung, Kauen und Sprache beeintr\u00e4chtigen. Durch fortschrittliche Bildgebung, 3D chirurgische Planung und feinste chirurgische Techniken arbeiten wir daran, Gesichtssymmetrie wiederherzustellen, Funktion zu verbessern und \u00c4sthetik zu f\u00f6rdern. Jeder Behandlungsplan wird individuell gestaltet, unser Engagement h\u00f6rt nicht bei der Operation auf, sondern umfasst auch Erholung, Rehabilitation und langfristige Pflege. Unsere Mission ist nicht nur die Korrektur der Deformit\u00e4t, sondern jedem Patienten zu erm\u00f6glichen, eine m\u00f6glichst hohe Lebensqualit\u00e4t zu erreichen.<\/p>","protected":false},"author":1,"featured_media":0,"parent":0,"menu_order":0,"comment_status":"closed","ping_status":"closed","template":"elementor_canvas","meta":{"footnotes":""},"class_list":["post-5498","page","type-page","status-publish","hentry"],"yoast_head":"<!-- This site is optimized with the Yoast SEO plugin v26.2 - https:\/\/yoast.com\/wordpress\/plugins\/seo\/ -->\n<title>Craniofacial Deformities Deutsch - bradteam1<\/title>\n<meta name=\"robots\" content=\"index, follow, max-snippet:-1, max-image-preview:large, max-video-preview:-1\" \/>\n<link rel=\"canonical\" href=\"https:\/\/bradteamacademy.org\/ar\/craniofacial-deformities-deutsch\/\" \/>\n<meta property=\"og:locale\" content=\"ar_AR\" \/>\n<meta property=\"og:type\" content=\"article\" \/>\n<meta property=\"og:title\" content=\"Craniofacial Deformities Deutsch - bradteam1\" \/>\n<meta property=\"og:description\" content=\"Home About Contact languages Arabic English Deutsch Home About Contact languages Arabic English Deutsch Kraniomaxillofaziale Fehlbildungen Fehlbildungen von Sch\u00e4del und Gesicht \u2013 ob angeboren, durch Verletzungen oder durch Entwicklungsst\u00f6rungen \u2013 k\u00f6nnen Aussehen, Gesundheit und Lebensqualit\u00e4t stark beeinflussen. Diese Zust\u00e4nde k\u00f6nnen Sch\u00e4del, Kiefer oder Gesichts\u2011knochen betreffen und oft Funktionen wie Atmung, Kauen und Sprache beeintr\u00e4chtigen. Durch fortschrittliche Bildgebung, 3D chirurgische Planung und feinste chirurgische Techniken arbeiten wir daran, Gesichtssymmetrie wiederherzustellen, Funktion zu verbessern und \u00c4sthetik zu f\u00f6rdern. Jeder Behandlungsplan wird individuell gestaltet, unser Engagement h\u00f6rt nicht bei der Operation auf, sondern umfasst auch Erholung, Rehabilitation und langfristige Pflege. Unsere Mission ist nicht nur die Korrektur der Deformit\u00e4t, sondern jedem Patienten zu erm\u00f6glichen, eine m\u00f6glichst hohe Lebensqualit\u00e4t zu erreichen.\" \/>\n<meta property=\"og:url\" content=\"https:\/\/bradteamacademy.org\/ar\/craniofacial-deformities-deutsch\/\" \/>\n<meta property=\"og:site_name\" content=\"bradteam1\" \/>\n<meta property=\"article:modified_time\" content=\"2025-10-30T09:40:05+00:00\" \/>\n<meta property=\"og:image\" content=\"https:\/\/bradteamacademy.org\/wp-content\/uploads\/2023\/12\/logo-brad.png\" \/>\n<meta name=\"twitter:card\" content=\"summary_large_image\" \/>\n<meta name=\"twitter:label1\" content=\"\u0648\u0642\u062a \u0627\u0644\u0642\u0631\u0627\u0621\u0629 \u0627\u0644\u0645\u064f\u0642\u062f\u0651\u0631\" \/>\n\t<meta name=\"twitter:data1\" content=\"\u062f\u0642\u064a\u0642\u0629 \u0648\u0627\u062d\u062f\u0629\" \/>\n<script type=\"application\/ld+json\" class=\"yoast-schema-graph\">{\"@context\":\"https:\/\/schema.org\",\"@graph\":[{\"@type\":\"WebPage\",\"@id\":\"https:\/\/bradteamacademy.org\/craniofacial-deformities-deutsch\/\",\"url\":\"https:\/\/bradteamacademy.org\/craniofacial-deformities-deutsch\/\",\"name\":\"Craniofacial Deformities Deutsch - bradteam1\",\"isPartOf\":{\"@id\":\"https:\/\/bradteamacademy.org\/#website\"},\"primaryImageOfPage\":{\"@id\":\"https:\/\/bradteamacademy.org\/craniofacial-deformities-deutsch\/#primaryimage\"},\"image\":{\"@id\":\"https:\/\/bradteamacademy.org\/craniofacial-deformities-deutsch\/#primaryimage\"},\"thumbnailUrl\":\"https:\/\/bradteamacademy.org\/wp-content\/uploads\/2023\/12\/logo-brad.png\",\"datePublished\":\"2025-10-29T17:32:54+00:00\",\"dateModified\":\"2025-10-30T09:40:05+00:00\",\"breadcrumb\":{\"@id\":\"https:\/\/bradteamacademy.org\/craniofacial-deformities-deutsch\/#breadcrumb\"},\"inLanguage\":\"ar\",\"potentialAction\":[{\"@type\":\"ReadAction\",\"target\":[\"https:\/\/bradteamacademy.org\/craniofacial-deformities-deutsch\/\"]}]},{\"@type\":\"ImageObject\",\"inLanguage\":\"ar\",\"@id\":\"https:\/\/bradteamacademy.org\/craniofacial-deformities-deutsch\/#primaryimage\",\"url\":\"https:\/\/bradteamacademy.org\/wp-content\/uploads\/2023\/12\/logo-brad.png\",\"contentUrl\":\"https:\/\/bradteamacademy.org\/wp-content\/uploads\/2023\/12\/logo-brad.png\"},{\"@type\":\"BreadcrumbList\",\"@id\":\"https:\/\/bradteamacademy.org\/craniofacial-deformities-deutsch\/#breadcrumb\",\"itemListElement\":[{\"@type\":\"ListItem\",\"position\":1,\"name\":\"Home\",\"item\":\"https:\/\/bradteamacademy.org\/\"},{\"@type\":\"ListItem\",\"position\":2,\"name\":\"Craniofacial Deformities Deutsch\"}]},{\"@type\":\"WebSite\",\"@id\":\"https:\/\/bradteamacademy.org\/#website\",\"url\":\"https:\/\/bradteamacademy.org\/\",\"name\":\"bradteam1\",\"description\":\"Just another WordPress site\",\"potentialAction\":[{\"@type\":\"SearchAction\",\"target\":{\"@type\":\"EntryPoint\",\"urlTemplate\":\"https:\/\/bradteamacademy.org\/?s={search_term_string}\"},\"query-input\":{\"@type\":\"PropertyValueSpecification\",\"valueRequired\":true,\"valueName\":\"search_term_string\"}}],\"inLanguage\":\"ar\"}]}<\/script>\n<!-- \/ Yoast SEO plugin. -->","yoast_head_json":{"title":"Craniofacial Deformities Deutsch - bradteam1","robots":{"index":"index","follow":"follow","max-snippet":"max-snippet:-1","max-image-preview":"max-image-preview:large","max-video-preview":"max-video-preview:-1"},"canonical":"https:\/\/bradteamacademy.org\/ar\/craniofacial-deformities-deutsch\/","og_locale":"ar_AR","og_type":"article","og_title":"Craniofacial Deformities Deutsch - bradteam1","og_description":"Home About Contact languages Arabic English Deutsch Home About Contact languages Arabic English Deutsch Kraniomaxillofaziale Fehlbildungen Fehlbildungen von Sch\u00e4del und Gesicht \u2013 ob angeboren, durch Verletzungen oder durch Entwicklungsst\u00f6rungen \u2013 k\u00f6nnen Aussehen, Gesundheit und Lebensqualit\u00e4t stark beeinflussen. Diese Zust\u00e4nde k\u00f6nnen Sch\u00e4del, Kiefer oder Gesichts\u2011knochen betreffen und oft Funktionen wie Atmung, Kauen und Sprache beeintr\u00e4chtigen. Durch fortschrittliche Bildgebung, 3D chirurgische Planung und feinste chirurgische Techniken arbeiten wir daran, Gesichtssymmetrie wiederherzustellen, Funktion zu verbessern und \u00c4sthetik zu f\u00f6rdern. Jeder Behandlungsplan wird individuell gestaltet, unser Engagement h\u00f6rt nicht bei der Operation auf, sondern umfasst auch Erholung, Rehabilitation und langfristige Pflege. Unsere Mission ist nicht nur die Korrektur der Deformit\u00e4t, sondern jedem Patienten zu erm\u00f6glichen, eine m\u00f6glichst hohe Lebensqualit\u00e4t zu erreichen.","og_url":"https:\/\/bradteamacademy.org\/ar\/craniofacial-deformities-deutsch\/","og_site_name":"bradteam1","article_modified_time":"2025-10-30T09:40:05+00:00","og_image":[{"url":"https:\/\/bradteamacademy.org\/wp-content\/uploads\/2023\/12\/logo-brad.png","type":"","width":"","height":""}],"twitter_card":"summary_large_image","twitter_misc":{"\u0648\u0642\u062a \u0627\u0644\u0642\u0631\u0627\u0621\u0629 \u0627\u0644\u0645\u064f\u0642\u062f\u0651\u0631":"\u062f\u0642\u064a\u0642\u0629 \u0648\u0627\u062d\u062f\u0629"},"schema":{"@context":"https:\/\/schema.org","@graph":[{"@type":"WebPage","@id":"https:\/\/bradteamacademy.org\/craniofacial-deformities-deutsch\/","url":"https:\/\/bradteamacademy.org\/craniofacial-deformities-deutsch\/","name":"Craniofacial Deformities Deutsch - bradteam1","isPartOf":{"@id":"https:\/\/bradteamacademy.org\/#website"},"primaryImageOfPage":{"@id":"https:\/\/bradteamacademy.org\/craniofacial-deformities-deutsch\/#primaryimage"},"image":{"@id":"https:\/\/bradteamacademy.org\/craniofacial-deformities-deutsch\/#primaryimage"},"thumbnailUrl":"https:\/\/bradteamacademy.org\/wp-content\/uploads\/2023\/12\/logo-brad.png","datePublished":"2025-10-29T17:32:54+00:00","dateModified":"2025-10-30T09:40:05+00:00","breadcrumb":{"@id":"https:\/\/bradteamacademy.org\/craniofacial-deformities-deutsch\/#breadcrumb"},"inLanguage":"ar","potentialAction":[{"@type":"ReadAction","target":["https:\/\/bradteamacademy.org\/craniofacial-deformities-deutsch\/"]}]},{"@type":"ImageObject","inLanguage":"ar","@id":"https:\/\/bradteamacademy.org\/craniofacial-deformities-deutsch\/#primaryimage","url":"https:\/\/bradteamacademy.org\/wp-content\/uploads\/2023\/12\/logo-brad.png","contentUrl":"https:\/\/bradteamacademy.org\/wp-content\/uploads\/2023\/12\/logo-brad.png"},{"@type":"BreadcrumbList","@id":"https:\/\/bradteamacademy.org\/craniofacial-deformities-deutsch\/#breadcrumb","itemListElement":[{"@type":"ListItem","position":1,"name":"Home","item":"https:\/\/bradteamacademy.org\/"},{"@type":"ListItem","position":2,"name":"Craniofacial Deformities Deutsch"}]},{"@type":"WebSite","@id":"https:\/\/bradteamacademy.org\/#website","url":"https:\/\/bradteamacademy.org\/","name":"bradteam1","description":"Just another WordPress site","potentialAction":[{"@type":"SearchAction","target":{"@type":"EntryPoint","urlTemplate":"https:\/\/bradteamacademy.org\/?s={search_term_string}"},"query-input":{"@type":"PropertyValueSpecification","valueRequired":true,"valueName":"search_term_string"}}],"inLanguage":"ar"}]}},"_links":{"self":[{"href":"https:\/\/bradteamacademy.org\/ar\/wp-json\/wp\/v2\/pages\/5498","targetHints":{"allow":["GET"]}}],"collection":[{"href":"https:\/\/bradteamacademy.org\/ar\/wp-json\/wp\/v2\/pages"}],"about":[{"href":"https:\/\/bradteamacademy.org\/ar\/wp-json\/wp\/v2\/types\/page"}],"author":[{"embeddable":true,"href":"https:\/\/bradteamacademy.org\/ar\/wp-json\/wp\/v2\/users\/1"}],"replies":[{"embeddable":true,"href":"https:\/\/bradteamacademy.org\/ar\/wp-json\/wp\/v2\/comments?post=5498"}],"version-history":[{"count":7,"href":"https:\/\/bradteamacademy.org\/ar\/wp-json\/wp\/v2\/pages\/5498\/revisions"}],"predecessor-version":[{"id":5808,"href":"https:\/\/bradteamacademy.org\/ar\/wp-json\/wp\/v2\/pages\/5498\/revisions\/5808"}],"wp:attachment":[{"href":"https:\/\/bradteamacademy.org\/ar\/wp-json\/wp\/v2\/media?parent=5498"}],"curies":[{"name":"wp","href":"https:\/\/api.w.org\/{rel}","templated":true}]}}