{"id":5487,"date":"2025-10-29T17:28:54","date_gmt":"2025-10-29T17:28:54","guid":{"rendered":"https:\/\/bradteamacademy.org\/?page_id=5487"},"modified":"2025-10-30T09:39:29","modified_gmt":"2025-10-30T09:39:29","slug":"oral-maxillofacial-tumors-deutsch","status":"publish","type":"page","link":"https:\/\/bradteamacademy.org\/ar\/oral-maxillofacial-tumors-deutsch\/","title":{"rendered":"Oral &amp; Maxillofacial Tumors Deutsch"},"content":{"rendered":"<div data-elementor-type=\"wp-page\" data-elementor-id=\"5487\" class=\"elementor elementor-5487\">\n\t\t\t\t<div class=\"elementor-element elementor-element-55c7ca1 e-flex e-con-boxed wpr-particle-no wpr-jarallax-no wpr-parallax-no wpr-sticky-section-no e-con e-parent\" data-id=\"55c7ca1\" data-element_type=\"container\" data-settings=\"{&quot;background_background&quot;:&quot;classic&quot;}\">\n\t\t\t\t\t<div class=\"e-con-inner\">\n\t\t<div class=\"elementor-element elementor-element-28a54e8 e-con-full e-flex wpr-particle-no wpr-jarallax-no wpr-parallax-no wpr-sticky-section-no e-con e-child\" data-id=\"28a54e8\" data-element_type=\"container\">\n\t\t\t\t<div class=\"elementor-element elementor-element-e943230 wpr-logo-position-center elementor-widget elementor-widget-wpr-logo\" data-id=\"e943230\" data-element_type=\"widget\" data-widget_type=\"wpr-logo.default\">\n\t\t\t\t\t\t\t\t\n\t\t\t<div class=\"wpr-logo elementor-clearfix\">\n\n\t\t\t\t\t\t\t\t<picture class=\"wpr-logo-image\">\n\t\t\t\t\t\t\t\t\t\t<source media=\"(max-width: 767px)\" srcset=\"https:\/\/bradteamacademy.org\/wp-content\/uploads\/2023\/12\/logo-brad-1.png\">\t\n\t\t\t\t\t\n\t\t\t\t\t\t\t\t\t\t<source srcset=\"https:\/\/bradteamacademy.org\/wp-content\/uploads\/2023\/12\/logo-brad.png 1x, https:\/\/bradteamacademy.org\/wp-content\/uploads\/2023\/12\/logo-brad-1.png 2x\">\t\n\t\t\t\t\t\t\t\t\t\t\n\t\t\t\t\t<img decoding=\"async\" src=\"https:\/\/bradteamacademy.org\/wp-content\/uploads\/2023\/12\/logo-brad.png\" alt=\"\">\n\n\t\t\t\t\t\t\t\t\t\t\t<a class=\"wpr-logo-url\" rel=\"home\" aria-label=\"\" href=\"https:\/\/bradteamacademy.org\/ar\/\"><\/a>\n\t\t\t\t\t\t\t\t\t<\/picture>\n\t\t\t\t\n\t\t\t\t\n\t\t\t\t\t\t\t\t\t<a class=\"wpr-logo-url\" rel=\"home\" aria-label=\"\" href=\"https:\/\/bradteamacademy.org\/ar\/\"><\/a>\n\t\t\t\t\n\t\t\t<\/div>\n\t\t\t\t\n\t\t\t\t\t\t<\/div>\n\t\t\t\t<\/div>\n\t\t<div class=\"elementor-element elementor-element-6e3e159 e-con-full e-flex wpr-particle-no wpr-jarallax-no wpr-parallax-no wpr-sticky-section-no e-con e-child\" data-id=\"6e3e159\" data-element_type=\"container\">\n\t\t\t\t<div class=\"elementor-element elementor-element-e775dfd wpr-main-menu-align-center wpr-pointer-line-fx wpr-pointer-fx-slide wpr-main-menu-align--tabletcenter wpr-nav-menu-bp-tablet wpr-main-menu-align--mobilecenter wpr-pointer-underline wpr-sub-icon-caret-down wpr-sub-menu-fx-fade wpr-mobile-menu-full-width wpr-mobile-menu-item-align-center wpr-mobile-toggle-v1 wpr-sub-divider-yes elementor-widget elementor-widget-wpr-nav-menu\" data-id=\"e775dfd\" data-element_type=\"widget\" data-settings=\"{&quot;menu_layout&quot;:&quot;horizontal&quot;}\" data-widget_type=\"wpr-nav-menu.default\">\n\t\t\t\t\t<nav class=\"wpr-nav-menu-container wpr-nav-menu-horizontal\" data-trigger=\"hover\"><ul id=\"menu-1-e775dfd\" class=\"wpr-nav-menu\"><li class=\"menu-item menu-item-type-post_type menu-item-object-page menu-item-5571\"><a href=\"https:\/\/bradteamacademy.org\/ar\/home\/\" class=\"wpr-menu-item wpr-pointer-item\">Hauptseite<\/a><\/li>\n<li class=\"menu-item menu-item-type-post_type menu-item-object-page menu-item-5572\"><a href=\"https:\/\/bradteamacademy.org\/ar\/about-2\/\" class=\"wpr-menu-item wpr-pointer-item\">\u00dcber uns<\/a><\/li>\n<li class=\"menu-item menu-item-type-post_type menu-item-object-page menu-item-6172\"><a href=\"https:\/\/bradteamacademy.org\/ar\/our-patients-deutsch\/\" class=\"wpr-menu-item wpr-pointer-item\">Unsere Patienten<\/a><\/li>\n<li class=\"menu-item menu-item-type-post_type menu-item-object-page menu-item-5573\"><a href=\"https:\/\/bradteamacademy.org\/ar\/contact-deutsch\/\" class=\"wpr-menu-item wpr-pointer-item\">Kontakt<\/a><\/li>\n<li class=\"menu-item menu-item-type-custom menu-item-object-custom menu-item-has-children menu-item-5574\"><a aria-haspopup=\"true\" aria-expanded=\"false\" href=\"#\" class=\"wpr-menu-item wpr-pointer-item\">languages<i class=\"wpr-sub-icon fas\" aria-hidden=\"true\"><\/i><\/a>\n<ul class=\"sub-menu wpr-sub-menu\">\n\t<li class=\"menu-item menu-item-type-post_type menu-item-object-page menu-item-home menu-item-5881\"><a href=\"https:\/\/bradteamacademy.org\/ar\/\" class=\"wpr-sub-menu-item\">English<\/a><\/li>\n\t<li class=\"menu-item menu-item-type-custom menu-item-object-custom menu-item-home menu-item-5882\"><a href=\"https:\/\/bradteamacademy.org\/ar\/\" class=\"wpr-sub-menu-item\">Arabic<\/a><\/li>\n\t<li class=\"menu-item menu-item-type-post_type menu-item-object-page menu-item-5577\"><a href=\"https:\/\/bradteamacademy.org\/ar\/home\/\" class=\"wpr-sub-menu-item\">Deutsch<\/a><\/li>\n<\/ul>\n<\/li>\n<\/ul><\/nav><nav class=\"wpr-mobile-nav-menu-container\"><div class=\"wpr-mobile-toggle-wrap\"><div class=\"wpr-mobile-toggle\"><span class=\"wpr-mobile-toggle-line\"><\/span><span class=\"wpr-mobile-toggle-line\"><\/span><span class=\"wpr-mobile-toggle-line\"><\/span><\/div><\/div><ul id=\"mobile-menu-2-e775dfd\" class=\"wpr-mobile-nav-menu\"><li class=\"menu-item menu-item-type-post_type menu-item-object-page menu-item-5571\"><a href=\"https:\/\/bradteamacademy.org\/ar\/home\/\" class=\"wpr-mobile-menu-item\">Hauptseite<\/a><\/li>\n<li class=\"menu-item menu-item-type-post_type menu-item-object-page menu-item-5572\"><a href=\"https:\/\/bradteamacademy.org\/ar\/about-2\/\" class=\"wpr-mobile-menu-item\">\u00dcber uns<\/a><\/li>\n<li class=\"menu-item menu-item-type-post_type menu-item-object-page menu-item-6172\"><a href=\"https:\/\/bradteamacademy.org\/ar\/our-patients-deutsch\/\" class=\"wpr-mobile-menu-item\">Unsere Patienten<\/a><\/li>\n<li class=\"menu-item menu-item-type-post_type menu-item-object-page menu-item-5573\"><a href=\"https:\/\/bradteamacademy.org\/ar\/contact-deutsch\/\" class=\"wpr-mobile-menu-item\">Kontakt<\/a><\/li>\n<li class=\"menu-item menu-item-type-custom menu-item-object-custom menu-item-has-children menu-item-5574\"><a href=\"#\" class=\"wpr-mobile-menu-item\">languages<\/a>\n<ul class=\"sub-menu wpr-sub-menu\">\n\t<li class=\"menu-item menu-item-type-post_type menu-item-object-page menu-item-home menu-item-5881\"><a href=\"https:\/\/bradteamacademy.org\/ar\/\" class=\"wpr-mobile-sub-menu-item\">English<\/a><\/li>\n\t<li class=\"menu-item menu-item-type-custom menu-item-object-custom menu-item-home menu-item-5882\"><a href=\"https:\/\/bradteamacademy.org\/ar\/\" class=\"wpr-mobile-sub-menu-item\">Arabic<\/a><\/li>\n\t<li class=\"menu-item menu-item-type-post_type menu-item-object-page menu-item-5577\"><a href=\"https:\/\/bradteamacademy.org\/ar\/home\/\" class=\"wpr-mobile-sub-menu-item\">Deutsch<\/a><\/li>\n<\/ul>\n<\/li>\n<\/ul><\/nav>\t\t\t\t<\/div>\n\t\t\t\t<\/div>\n\t\t\t\t\t<\/div>\n\t\t\t\t<\/div>\n\t\t<div class=\"elementor-element elementor-element-77bbcb0 e-flex e-con-boxed wpr-particle-no wpr-jarallax-no wpr-parallax-no wpr-sticky-section-no e-con e-parent\" data-id=\"77bbcb0\" data-element_type=\"container\">\n\t\t\t\t\t<div class=\"e-con-inner\">\n\t\t\t\t<div class=\"elementor-element elementor-element-a5b6aa8 elementor-widget elementor-widget-heading\" data-id=\"a5b6aa8\" data-element_type=\"widget\" data-widget_type=\"heading.default\">\n\t\t\t\t\t<h2 class=\"elementor-heading-title elementor-size-default\">Tumore und Rekonstruktive Chirurgie of Mund, Gesicht und Kiefer<\/h2>\t\t\t\t<\/div>\n\t\t\t\t\t<\/div>\n\t\t\t\t<\/div>\n\t\t<div class=\"elementor-element elementor-element-c6bb024 e-flex e-con-boxed wpr-particle-no wpr-jarallax-no wpr-parallax-no wpr-sticky-section-no e-con e-parent\" data-id=\"c6bb024\" data-element_type=\"container\">\n\t\t\t\t\t<div class=\"e-con-inner\">\n\t\t<div class=\"elementor-element elementor-element-212eb58 e-con-full e-flex wpr-particle-no wpr-jarallax-no wpr-parallax-no wpr-sticky-section-no e-con e-child\" data-id=\"212eb58\" data-element_type=\"container\">\n\t\t\t\t<div class=\"elementor-element elementor-element-dbf70c9 elementor-invisible elementor-widget elementor-widget-text-editor\" data-id=\"dbf70c9\" data-element_type=\"widget\" data-settings=\"{&quot;_animation&quot;:&quot;zoomIn&quot;}\" data-widget_type=\"text-editor.default\">\n\t\t\t\t\t\t\t\t\t<p>Tumore im Mund\u2011, Gesichts\u2011 und Kieferbereich erfordern spezialisierte Betreuung, die Entfernung des Tumors sowie funktionale und \u00e4sthetische Rekonstruktion umfasst. Unsere Chirurgen haben Erfahrung in Diagnostik, chirurgischem Management und Rekonstruktion \u2013 ob gutartig oder b\u00f6sartig.<\/p><p>Wir beginnen mit gr\u00fcndlicher Evaluierung und fortgeschrittener Bildgebung, gefolgt von individueller chirurgischer Planung. Je nach Diagnose umfasst die Therapie Entfernung von Kiefertumoren, Weichteiltumoren, Speicheldr\u00fcsendefekten oder b\u00f6sartigen Mund\u2011\/Gesichtstumoren.<\/p>\t\t\t\t\t\t\t\t<\/div>\n\t\t\t\t<\/div>\n\t\t<div class=\"elementor-element elementor-element-a5b150f e-con-full e-flex wpr-particle-no wpr-jarallax-no wpr-parallax-no wpr-sticky-section-no e-con e-child\" data-id=\"a5b150f\" data-element_type=\"container\">\n\t\t\t\t<div class=\"elementor-element elementor-element-5c14c75 elementor-invisible elementor-widget elementor-widget-image\" data-id=\"5c14c75\" data-element_type=\"widget\" data-settings=\"{&quot;_animation&quot;:&quot;zoomIn&quot;}\" data-widget_type=\"image.default\">\n\t\t\t\t\t\t\t\t\t\t\t\t\t\t\t<img decoding=\"async\" src=\"https:\/\/bradteamacademy.org\/wp-content\/plugins\/elementor\/assets\/images\/placeholder.png\" title=\"\" alt=\"\" loading=\"lazy\" \/>\t\t\t\t\t\t\t\t\t\t\t\t\t\t\t<\/div>\n\t\t\t\t<\/div>\n\t\t\t\t\t<\/div>\n\t\t\t\t<\/div>\n\t\t<div class=\"elementor-element elementor-element-7ed04e9 e-flex e-con-boxed wpr-particle-no wpr-jarallax-no wpr-parallax-no wpr-sticky-section-no elementor-invisible e-con e-parent\" data-id=\"7ed04e9\" data-element_type=\"container\" data-settings=\"{&quot;background_background&quot;:&quot;classic&quot;,&quot;shape_divider_top&quot;:&quot;opacity-tilt&quot;,&quot;shape_divider_bottom&quot;:&quot;opacity-tilt&quot;,&quot;animation&quot;:&quot;fadeIn&quot;}\">\n\t\t\t\t\t<div class=\"e-con-inner\">\n\t\t\t\t<div class=\"elementor-shape elementor-shape-top\" aria-hidden=\"true\" data-negative=\"false\">\n\t\t\t<svg xmlns=\"http:\/\/www.w3.org\/2000\/svg\" viewbox=\"0 0 2600 131.1\" preserveaspectratio=\"none\">\n\t<path class=\"elementor-shape-fill\" d=\"M0 0L2600 0 2600 69.1 0 0z\"\/>\n\t<path class=\"elementor-shape-fill\" style=\"opacity:0.5\" d=\"M0 0L2600 0 2600 69.1 0 69.1z\"\/>\n\t<path class=\"elementor-shape-fill\" style=\"opacity:0.25\" d=\"M2600 0L0 0 0 130.1 2600 69.1z\"\/>\n<\/svg>\t\t<\/div>\n\t\t\t\t<div class=\"elementor-shape elementor-shape-bottom\" aria-hidden=\"true\" data-negative=\"false\">\n\t\t\t<svg xmlns=\"http:\/\/www.w3.org\/2000\/svg\" viewbox=\"0 0 2600 131.1\" preserveaspectratio=\"none\">\n\t<path class=\"elementor-shape-fill\" d=\"M0 0L2600 0 2600 69.1 0 0z\"\/>\n\t<path class=\"elementor-shape-fill\" style=\"opacity:0.5\" d=\"M0 0L2600 0 2600 69.1 0 69.1z\"\/>\n\t<path class=\"elementor-shape-fill\" style=\"opacity:0.25\" d=\"M2600 0L0 0 0 130.1 2600 69.1z\"\/>\n<\/svg>\t\t<\/div>\n\t\t\t\t<div class=\"elementor-element elementor-element-701c124 elementor-widget elementor-widget-text-editor\" data-id=\"701c124\" data-element_type=\"widget\" data-widget_type=\"text-editor.default\">\n\t\t\t\t\t\t\t\t\t<p>Wenn Rekonstruktion n\u00f6tig ist, nutzen wir fortschrittliche Optionen wie:<\/p><p>mikrovaskul\u00e4rer freier Gewebetransfer<\/p><p>kn\u00f6cherne Transplantate<\/p><p>3D\u2011gedruckte und KI\u2011gest\u00fctzte Implantate, um Form und Funktion wiederherzustellen<\/p><p>Unser Ansatz ist interdisziplin\u00e4r, mit enger Zusammenarbeit mit Onkologen, Pathologen und Rehabilitationsexperten, um ganzheitliche Betreuung von der Diagnose bis zur Genesung zu gew\u00e4hrleisten. Vor allem verpflichten wir uns, Patientinnen und Patienten mit Fachkompetenz, Mitgef\u00fchl und Hoffnung zu unterst\u00fctzen.<\/p><p>\u0641\u0648\u0642 \u0643\u0644 \u0634\u064a\u0621\u060c \u0646\u0644\u062a\u0632\u0645 \u0628\u0645\u0633\u0627\u0639\u062f\u0629 \u0627\u0644\u0645\u0631\u0636\u0649 \u0639\u0644\u0649 \u0645\u0648\u0627\u062c\u0647\u0629 \u0647\u0630\u0647 \u0627\u0644\u062a\u062d\u062f\u064a\u0627\u062a \u0628\u062e\u0628\u0631\u0629\u060c \u062a\u0639\u0627\u0637\u0641\u060c \u0648\u0623\u0645\u0644.<\/p>\t\t\t\t\t\t\t\t<\/div>\n\t\t\t\t\t<\/div>\n\t\t\t\t<\/div>\n\t\t\t\t<\/div>","protected":false},"excerpt":{"rendered":"<p>Home About Contact languages Arabic English Deutsch Home About Contact languages Arabic English Deutsch Tumore und Rekonstruktive Chirurgie of Mund, Gesicht und Kiefer Tumore im Mund\u2011, Gesichts\u2011 und Kieferbereich erfordern spezialisierte Betreuung, die Entfernung des Tumors sowie funktionale und \u00e4sthetische Rekonstruktion umfasst. Unsere Chirurgen haben Erfahrung in Diagnostik, chirurgischem Management und Rekonstruktion \u2013 ob gutartig oder b\u00f6sartig. Wir beginnen mit gr\u00fcndlicher Evaluierung und fortgeschrittener Bildgebung, gefolgt von individueller chirurgischer Planung. Je nach Diagnose umfasst die Therapie Entfernung von Kiefertumoren, Weichteiltumoren, Speicheldr\u00fcsendefekten oder b\u00f6sartigen Mund\u2011\/Gesichtstumoren. Wenn Rekonstruktion n\u00f6tig ist, nutzen wir fortschrittliche Optionen wie: mikrovaskul\u00e4rer freier Gewebetransfer kn\u00f6cherne Transplantate 3D\u2011gedruckte und KI\u2011gest\u00fctzte Implantate, um Form und Funktion wiederherzustellen Unser Ansatz ist interdisziplin\u00e4r, mit enger Zusammenarbeit mit Onkologen, Pathologen und Rehabilitationsexperten, um ganzheitliche Betreuung von der Diagnose bis zur Genesung zu gew\u00e4hrleisten. Vor allem verpflichten wir uns, Patientinnen und Patienten mit Fachkompetenz, Mitgef\u00fchl und Hoffnung zu unterst\u00fctzen. Above all, we are dedicated to helping patients face these challenges with expertise, compassion, and hope.<\/p>","protected":false},"author":1,"featured_media":0,"parent":0,"menu_order":0,"comment_status":"closed","ping_status":"closed","template":"elementor_canvas","meta":{"footnotes":""},"class_list":["post-5487","page","type-page","status-publish","hentry"],"yoast_head":"<!-- This site is optimized with the Yoast SEO plugin v26.2 - https:\/\/yoast.com\/wordpress\/plugins\/seo\/ -->\n<title>Oral &amp; Maxillofacial Tumors Deutsch - bradteam1<\/title>\n<meta name=\"robots\" content=\"index, follow, max-snippet:-1, max-image-preview:large, max-video-preview:-1\" \/>\n<link rel=\"canonical\" href=\"https:\/\/bradteamacademy.org\/ar\/oral-maxillofacial-tumors-deutsch\/\" \/>\n<meta property=\"og:locale\" content=\"ar_AR\" \/>\n<meta property=\"og:type\" content=\"article\" \/>\n<meta property=\"og:title\" content=\"Oral &amp; Maxillofacial Tumors Deutsch - bradteam1\" \/>\n<meta property=\"og:description\" content=\"Home About Contact languages Arabic English Deutsch Home About Contact languages Arabic English Deutsch Tumore und Rekonstruktive Chirurgie of Mund, Gesicht und Kiefer Tumore im Mund\u2011, Gesichts\u2011 und Kieferbereich erfordern spezialisierte Betreuung, die Entfernung des Tumors sowie funktionale und \u00e4sthetische Rekonstruktion umfasst. Unsere Chirurgen haben Erfahrung in Diagnostik, chirurgischem Management und Rekonstruktion \u2013 ob gutartig oder b\u00f6sartig. Wir beginnen mit gr\u00fcndlicher Evaluierung und fortgeschrittener Bildgebung, gefolgt von individueller chirurgischer Planung. Je nach Diagnose umfasst die Therapie Entfernung von Kiefertumoren, Weichteiltumoren, Speicheldr\u00fcsendefekten oder b\u00f6sartigen Mund\u2011\/Gesichtstumoren. Wenn Rekonstruktion n\u00f6tig ist, nutzen wir fortschrittliche Optionen wie: mikrovaskul\u00e4rer freier Gewebetransfer kn\u00f6cherne Transplantate 3D\u2011gedruckte und KI\u2011gest\u00fctzte Implantate, um Form und Funktion wiederherzustellen Unser Ansatz ist interdisziplin\u00e4r, mit enger Zusammenarbeit mit Onkologen, Pathologen und Rehabilitationsexperten, um ganzheitliche Betreuung von der Diagnose bis zur Genesung zu gew\u00e4hrleisten. Vor allem verpflichten wir uns, Patientinnen und Patienten mit Fachkompetenz, Mitgef\u00fchl und Hoffnung zu unterst\u00fctzen. Above all, we are dedicated to helping patients face these challenges with expertise, compassion, and hope.\" \/>\n<meta property=\"og:url\" content=\"https:\/\/bradteamacademy.org\/ar\/oral-maxillofacial-tumors-deutsch\/\" \/>\n<meta property=\"og:site_name\" content=\"bradteam1\" \/>\n<meta property=\"article:modified_time\" content=\"2025-10-30T09:39:29+00:00\" \/>\n<meta property=\"og:image\" content=\"https:\/\/bradteamacademy.org\/wp-content\/uploads\/2023\/12\/logo-brad.png\" \/>\n<meta name=\"twitter:card\" content=\"summary_large_image\" \/>\n<meta name=\"twitter:label1\" content=\"\u0648\u0642\u062a \u0627\u0644\u0642\u0631\u0627\u0621\u0629 \u0627\u0644\u0645\u064f\u0642\u062f\u0651\u0631\" \/>\n\t<meta name=\"twitter:data1\" content=\"\u062f\u0642\u064a\u0642\u0629 \u0648\u0627\u062d\u062f\u0629\" \/>\n<script type=\"application\/ld+json\" class=\"yoast-schema-graph\">{\"@context\":\"https:\/\/schema.org\",\"@graph\":[{\"@type\":\"WebPage\",\"@id\":\"https:\/\/bradteamacademy.org\/oral-maxillofacial-tumors-deutsch\/\",\"url\":\"https:\/\/bradteamacademy.org\/oral-maxillofacial-tumors-deutsch\/\",\"name\":\"Oral &amp; Maxillofacial Tumors Deutsch - bradteam1\",\"isPartOf\":{\"@id\":\"https:\/\/bradteamacademy.org\/#website\"},\"primaryImageOfPage\":{\"@id\":\"https:\/\/bradteamacademy.org\/oral-maxillofacial-tumors-deutsch\/#primaryimage\"},\"image\":{\"@id\":\"https:\/\/bradteamacademy.org\/oral-maxillofacial-tumors-deutsch\/#primaryimage\"},\"thumbnailUrl\":\"https:\/\/bradteamacademy.org\/wp-content\/uploads\/2023\/12\/logo-brad.png\",\"datePublished\":\"2025-10-29T17:28:54+00:00\",\"dateModified\":\"2025-10-30T09:39:29+00:00\",\"breadcrumb\":{\"@id\":\"https:\/\/bradteamacademy.org\/oral-maxillofacial-tumors-deutsch\/#breadcrumb\"},\"inLanguage\":\"ar\",\"potentialAction\":[{\"@type\":\"ReadAction\",\"target\":[\"https:\/\/bradteamacademy.org\/oral-maxillofacial-tumors-deutsch\/\"]}]},{\"@type\":\"ImageObject\",\"inLanguage\":\"ar\",\"@id\":\"https:\/\/bradteamacademy.org\/oral-maxillofacial-tumors-deutsch\/#primaryimage\",\"url\":\"https:\/\/bradteamacademy.org\/wp-content\/uploads\/2023\/12\/logo-brad.png\",\"contentUrl\":\"https:\/\/bradteamacademy.org\/wp-content\/uploads\/2023\/12\/logo-brad.png\"},{\"@type\":\"BreadcrumbList\",\"@id\":\"https:\/\/bradteamacademy.org\/oral-maxillofacial-tumors-deutsch\/#breadcrumb\",\"itemListElement\":[{\"@type\":\"ListItem\",\"position\":1,\"name\":\"Home\",\"item\":\"https:\/\/bradteamacademy.org\/\"},{\"@type\":\"ListItem\",\"position\":2,\"name\":\"Oral &amp; Maxillofacial Tumors Deutsch\"}]},{\"@type\":\"WebSite\",\"@id\":\"https:\/\/bradteamacademy.org\/#website\",\"url\":\"https:\/\/bradteamacademy.org\/\",\"name\":\"bradteam1\",\"description\":\"Just another WordPress site\",\"potentialAction\":[{\"@type\":\"SearchAction\",\"target\":{\"@type\":\"EntryPoint\",\"urlTemplate\":\"https:\/\/bradteamacademy.org\/?s={search_term_string}\"},\"query-input\":{\"@type\":\"PropertyValueSpecification\",\"valueRequired\":true,\"valueName\":\"search_term_string\"}}],\"inLanguage\":\"ar\"}]}<\/script>\n<!-- \/ Yoast SEO plugin. -->","yoast_head_json":{"title":"Oral &amp; Maxillofacial Tumors Deutsch - bradteam1","robots":{"index":"index","follow":"follow","max-snippet":"max-snippet:-1","max-image-preview":"max-image-preview:large","max-video-preview":"max-video-preview:-1"},"canonical":"https:\/\/bradteamacademy.org\/ar\/oral-maxillofacial-tumors-deutsch\/","og_locale":"ar_AR","og_type":"article","og_title":"Oral &amp; Maxillofacial Tumors Deutsch - bradteam1","og_description":"Home About Contact languages Arabic English Deutsch Home About Contact languages Arabic English Deutsch Tumore und Rekonstruktive Chirurgie of Mund, Gesicht und Kiefer Tumore im Mund\u2011, Gesichts\u2011 und Kieferbereich erfordern spezialisierte Betreuung, die Entfernung des Tumors sowie funktionale und \u00e4sthetische Rekonstruktion umfasst. Unsere Chirurgen haben Erfahrung in Diagnostik, chirurgischem Management und Rekonstruktion \u2013 ob gutartig oder b\u00f6sartig. Wir beginnen mit gr\u00fcndlicher Evaluierung und fortgeschrittener Bildgebung, gefolgt von individueller chirurgischer Planung. Je nach Diagnose umfasst die Therapie Entfernung von Kiefertumoren, Weichteiltumoren, Speicheldr\u00fcsendefekten oder b\u00f6sartigen Mund\u2011\/Gesichtstumoren. Wenn Rekonstruktion n\u00f6tig ist, nutzen wir fortschrittliche Optionen wie: mikrovaskul\u00e4rer freier Gewebetransfer kn\u00f6cherne Transplantate 3D\u2011gedruckte und KI\u2011gest\u00fctzte Implantate, um Form und Funktion wiederherzustellen Unser Ansatz ist interdisziplin\u00e4r, mit enger Zusammenarbeit mit Onkologen, Pathologen und Rehabilitationsexperten, um ganzheitliche Betreuung von der Diagnose bis zur Genesung zu gew\u00e4hrleisten. Vor allem verpflichten wir uns, Patientinnen und Patienten mit Fachkompetenz, Mitgef\u00fchl und Hoffnung zu unterst\u00fctzen. Above all, we are dedicated to helping patients face these challenges with expertise, compassion, and hope.","og_url":"https:\/\/bradteamacademy.org\/ar\/oral-maxillofacial-tumors-deutsch\/","og_site_name":"bradteam1","article_modified_time":"2025-10-30T09:39:29+00:00","og_image":[{"url":"https:\/\/bradteamacademy.org\/wp-content\/uploads\/2023\/12\/logo-brad.png","type":"","width":"","height":""}],"twitter_card":"summary_large_image","twitter_misc":{"\u0648\u0642\u062a \u0627\u0644\u0642\u0631\u0627\u0621\u0629 \u0627\u0644\u0645\u064f\u0642\u062f\u0651\u0631":"\u062f\u0642\u064a\u0642\u0629 \u0648\u0627\u062d\u062f\u0629"},"schema":{"@context":"https:\/\/schema.org","@graph":[{"@type":"WebPage","@id":"https:\/\/bradteamacademy.org\/oral-maxillofacial-tumors-deutsch\/","url":"https:\/\/bradteamacademy.org\/oral-maxillofacial-tumors-deutsch\/","name":"Oral &amp; Maxillofacial Tumors Deutsch - bradteam1","isPartOf":{"@id":"https:\/\/bradteamacademy.org\/#website"},"primaryImageOfPage":{"@id":"https:\/\/bradteamacademy.org\/oral-maxillofacial-tumors-deutsch\/#primaryimage"},"image":{"@id":"https:\/\/bradteamacademy.org\/oral-maxillofacial-tumors-deutsch\/#primaryimage"},"thumbnailUrl":"https:\/\/bradteamacademy.org\/wp-content\/uploads\/2023\/12\/logo-brad.png","datePublished":"2025-10-29T17:28:54+00:00","dateModified":"2025-10-30T09:39:29+00:00","breadcrumb":{"@id":"https:\/\/bradteamacademy.org\/oral-maxillofacial-tumors-deutsch\/#breadcrumb"},"inLanguage":"ar","potentialAction":[{"@type":"ReadAction","target":["https:\/\/bradteamacademy.org\/oral-maxillofacial-tumors-deutsch\/"]}]},{"@type":"ImageObject","inLanguage":"ar","@id":"https:\/\/bradteamacademy.org\/oral-maxillofacial-tumors-deutsch\/#primaryimage","url":"https:\/\/bradteamacademy.org\/wp-content\/uploads\/2023\/12\/logo-brad.png","contentUrl":"https:\/\/bradteamacademy.org\/wp-content\/uploads\/2023\/12\/logo-brad.png"},{"@type":"BreadcrumbList","@id":"https:\/\/bradteamacademy.org\/oral-maxillofacial-tumors-deutsch\/#breadcrumb","itemListElement":[{"@type":"ListItem","position":1,"name":"Home","item":"https:\/\/bradteamacademy.org\/"},{"@type":"ListItem","position":2,"name":"Oral &amp; Maxillofacial Tumors Deutsch"}]},{"@type":"WebSite","@id":"https:\/\/bradteamacademy.org\/#website","url":"https:\/\/bradteamacademy.org\/","name":"bradteam1","description":"Just another WordPress site","potentialAction":[{"@type":"SearchAction","target":{"@type":"EntryPoint","urlTemplate":"https:\/\/bradteamacademy.org\/?s={search_term_string}"},"query-input":{"@type":"PropertyValueSpecification","valueRequired":true,"valueName":"search_term_string"}}],"inLanguage":"ar"}]}},"_links":{"self":[{"href":"https:\/\/bradteamacademy.org\/ar\/wp-json\/wp\/v2\/pages\/5487","targetHints":{"allow":["GET"]}}],"collection":[{"href":"https:\/\/bradteamacademy.org\/ar\/wp-json\/wp\/v2\/pages"}],"about":[{"href":"https:\/\/bradteamacademy.org\/ar\/wp-json\/wp\/v2\/types\/page"}],"author":[{"embeddable":true,"href":"https:\/\/bradteamacademy.org\/ar\/wp-json\/wp\/v2\/users\/1"}],"replies":[{"embeddable":true,"href":"https:\/\/bradteamacademy.org\/ar\/wp-json\/wp\/v2\/comments?post=5487"}],"version-history":[{"count":10,"href":"https:\/\/bradteamacademy.org\/ar\/wp-json\/wp\/v2\/pages\/5487\/revisions"}],"predecessor-version":[{"id":5802,"href":"https:\/\/bradteamacademy.org\/ar\/wp-json\/wp\/v2\/pages\/5487\/revisions\/5802"}],"wp:attachment":[{"href":"https:\/\/bradteamacademy.org\/ar\/wp-json\/wp\/v2\/media?parent=5487"}],"curies":[{"name":"wp","href":"https:\/\/api.w.org\/{rel}","templated":true}]}}