{"id":5301,"date":"2025-10-29T09:19:06","date_gmt":"2025-10-29T09:19:06","guid":{"rendered":"https:\/\/bradteamacademy.org\/?page_id=5301"},"modified":"2025-10-30T09:35:33","modified_gmt":"2025-10-30T09:35:33","slug":"orthognathic-jaw-surgery-3","status":"publish","type":"page","link":"https:\/\/bradteamacademy.org\/ar\/orthognathic-jaw-surgery-3\/","title":{"rendered":"Orthognathic (Jaw) Surgery Deutsch"},"content":{"rendered":"<div data-elementor-type=\"wp-page\" data-elementor-id=\"5301\" class=\"elementor elementor-5301\">\n\t\t\t\t<div class=\"elementor-element elementor-element-3e47354 e-flex e-con-boxed wpr-particle-no wpr-jarallax-no wpr-parallax-no wpr-sticky-section-no e-con e-parent\" data-id=\"3e47354\" data-element_type=\"container\" data-settings=\"{&quot;background_background&quot;:&quot;classic&quot;}\">\n\t\t\t\t\t<div class=\"e-con-inner\">\n\t\t<div class=\"elementor-element elementor-element-efa8878 e-con-full e-flex wpr-particle-no wpr-jarallax-no wpr-parallax-no wpr-sticky-section-no e-con e-child\" data-id=\"efa8878\" data-element_type=\"container\">\n\t\t\t\t<div class=\"elementor-element elementor-element-334f56b wpr-logo-position-center elementor-widget elementor-widget-wpr-logo\" data-id=\"334f56b\" data-element_type=\"widget\" data-widget_type=\"wpr-logo.default\">\n\t\t\t\t\t\t\t\t\n\t\t\t<div class=\"wpr-logo elementor-clearfix\">\n\n\t\t\t\t\t\t\t\t<picture class=\"wpr-logo-image\">\n\t\t\t\t\t\t\t\t\t\t<source media=\"(max-width: 767px)\" srcset=\"https:\/\/bradteamacademy.org\/wp-content\/uploads\/2023\/12\/logo-brad-1.png\">\t\n\t\t\t\t\t\n\t\t\t\t\t\t\t\t\t\t<source srcset=\"https:\/\/bradteamacademy.org\/wp-content\/uploads\/2023\/12\/logo-brad.png 1x, https:\/\/bradteamacademy.org\/wp-content\/uploads\/2023\/12\/logo-brad-1.png 2x\">\t\n\t\t\t\t\t\t\t\t\t\t\n\t\t\t\t\t<img decoding=\"async\" src=\"https:\/\/bradteamacademy.org\/wp-content\/uploads\/2023\/12\/logo-brad.png\" alt=\"\">\n\n\t\t\t\t\t\t\t\t\t\t\t<a class=\"wpr-logo-url\" rel=\"home\" aria-label=\"\" href=\"https:\/\/bradteamacademy.org\/ar\/\"><\/a>\n\t\t\t\t\t\t\t\t\t<\/picture>\n\t\t\t\t\n\t\t\t\t\n\t\t\t\t\t\t\t\t\t<a class=\"wpr-logo-url\" rel=\"home\" aria-label=\"\" href=\"https:\/\/bradteamacademy.org\/ar\/\"><\/a>\n\t\t\t\t\n\t\t\t<\/div>\n\t\t\t\t\n\t\t\t\t\t\t<\/div>\n\t\t\t\t<\/div>\n\t\t<div class=\"elementor-element elementor-element-d3c5eb5 e-con-full e-flex wpr-particle-no wpr-jarallax-no wpr-parallax-no wpr-sticky-section-no e-con e-child\" data-id=\"d3c5eb5\" data-element_type=\"container\">\n\t\t\t\t<div class=\"elementor-element elementor-element-7c9e993 wpr-main-menu-align-center wpr-pointer-line-fx wpr-pointer-fx-slide wpr-main-menu-align--tabletcenter wpr-nav-menu-bp-tablet wpr-main-menu-align--mobilecenter wpr-pointer-underline wpr-sub-icon-caret-down wpr-sub-menu-fx-fade wpr-mobile-menu-full-width wpr-mobile-menu-item-align-center wpr-mobile-toggle-v1 wpr-sub-divider-yes elementor-widget elementor-widget-wpr-nav-menu\" data-id=\"7c9e993\" data-element_type=\"widget\" data-settings=\"{&quot;menu_layout&quot;:&quot;horizontal&quot;}\" data-widget_type=\"wpr-nav-menu.default\">\n\t\t\t\t\t<nav class=\"wpr-nav-menu-container wpr-nav-menu-horizontal\" data-trigger=\"hover\"><ul id=\"menu-1-7c9e993\" class=\"wpr-nav-menu\"><li class=\"menu-item menu-item-type-post_type menu-item-object-page menu-item-5571\"><a href=\"https:\/\/bradteamacademy.org\/ar\/home\/\" class=\"wpr-menu-item wpr-pointer-item\">Hauptseite<\/a><\/li>\n<li class=\"menu-item menu-item-type-post_type menu-item-object-page menu-item-5572\"><a href=\"https:\/\/bradteamacademy.org\/ar\/about-2\/\" class=\"wpr-menu-item wpr-pointer-item\">\u00dcber uns<\/a><\/li>\n<li class=\"menu-item menu-item-type-post_type menu-item-object-page menu-item-6172\"><a href=\"https:\/\/bradteamacademy.org\/ar\/our-patients-deutsch\/\" class=\"wpr-menu-item wpr-pointer-item\">Unsere Patienten<\/a><\/li>\n<li class=\"menu-item menu-item-type-post_type menu-item-object-page menu-item-5573\"><a href=\"https:\/\/bradteamacademy.org\/ar\/contact-deutsch\/\" class=\"wpr-menu-item wpr-pointer-item\">Kontakt<\/a><\/li>\n<li class=\"menu-item menu-item-type-custom menu-item-object-custom menu-item-has-children menu-item-5574\"><a aria-haspopup=\"true\" aria-expanded=\"false\" href=\"#\" class=\"wpr-menu-item wpr-pointer-item\">languages<i class=\"wpr-sub-icon fas\" aria-hidden=\"true\"><\/i><\/a>\n<ul class=\"sub-menu wpr-sub-menu\">\n\t<li class=\"menu-item menu-item-type-post_type menu-item-object-page menu-item-home menu-item-5881\"><a href=\"https:\/\/bradteamacademy.org\/ar\/\" class=\"wpr-sub-menu-item\">English<\/a><\/li>\n\t<li class=\"menu-item menu-item-type-custom menu-item-object-custom menu-item-home menu-item-5882\"><a href=\"https:\/\/bradteamacademy.org\/ar\/\" class=\"wpr-sub-menu-item\">Arabic<\/a><\/li>\n\t<li class=\"menu-item menu-item-type-post_type menu-item-object-page menu-item-5577\"><a href=\"https:\/\/bradteamacademy.org\/ar\/home\/\" class=\"wpr-sub-menu-item\">Deutsch<\/a><\/li>\n<\/ul>\n<\/li>\n<\/ul><\/nav><nav class=\"wpr-mobile-nav-menu-container\"><div class=\"wpr-mobile-toggle-wrap\"><div class=\"wpr-mobile-toggle\"><span class=\"wpr-mobile-toggle-line\"><\/span><span class=\"wpr-mobile-toggle-line\"><\/span><span class=\"wpr-mobile-toggle-line\"><\/span><\/div><\/div><ul id=\"mobile-menu-2-7c9e993\" class=\"wpr-mobile-nav-menu\"><li class=\"menu-item menu-item-type-post_type menu-item-object-page menu-item-5571\"><a href=\"https:\/\/bradteamacademy.org\/ar\/home\/\" class=\"wpr-mobile-menu-item\">Hauptseite<\/a><\/li>\n<li class=\"menu-item menu-item-type-post_type menu-item-object-page menu-item-5572\"><a href=\"https:\/\/bradteamacademy.org\/ar\/about-2\/\" class=\"wpr-mobile-menu-item\">\u00dcber uns<\/a><\/li>\n<li class=\"menu-item menu-item-type-post_type menu-item-object-page menu-item-6172\"><a href=\"https:\/\/bradteamacademy.org\/ar\/our-patients-deutsch\/\" class=\"wpr-mobile-menu-item\">Unsere Patienten<\/a><\/li>\n<li class=\"menu-item menu-item-type-post_type menu-item-object-page menu-item-5573\"><a href=\"https:\/\/bradteamacademy.org\/ar\/contact-deutsch\/\" class=\"wpr-mobile-menu-item\">Kontakt<\/a><\/li>\n<li class=\"menu-item menu-item-type-custom menu-item-object-custom menu-item-has-children menu-item-5574\"><a href=\"#\" class=\"wpr-mobile-menu-item\">languages<\/a>\n<ul class=\"sub-menu wpr-sub-menu\">\n\t<li class=\"menu-item menu-item-type-post_type menu-item-object-page menu-item-home menu-item-5881\"><a href=\"https:\/\/bradteamacademy.org\/ar\/\" class=\"wpr-mobile-sub-menu-item\">English<\/a><\/li>\n\t<li class=\"menu-item menu-item-type-custom menu-item-object-custom menu-item-home menu-item-5882\"><a href=\"https:\/\/bradteamacademy.org\/ar\/\" class=\"wpr-mobile-sub-menu-item\">Arabic<\/a><\/li>\n\t<li class=\"menu-item menu-item-type-post_type menu-item-object-page menu-item-5577\"><a href=\"https:\/\/bradteamacademy.org\/ar\/home\/\" class=\"wpr-mobile-sub-menu-item\">Deutsch<\/a><\/li>\n<\/ul>\n<\/li>\n<\/ul><\/nav>\t\t\t\t<\/div>\n\t\t\t\t<\/div>\n\t\t\t\t\t<\/div>\n\t\t\t\t<\/div>\n\t\t\t\t<section class=\"elementor-section elementor-top-section elementor-element elementor-element-4550f72a0 elementor-section-boxed elementor-section-height-default elementor-section-height-default wpr-particle-no wpr-jarallax-no wpr-parallax-no wpr-sticky-section-no\" data-id=\"4550f72a0\" data-element_type=\"section\">\n\t\t\t\t\t\t<div class=\"elementor-container elementor-column-gap-default\">\n\t\t\t\t\t<div class=\"elementor-column elementor-col-100 elementor-top-column elementor-element elementor-element-47572a8f\" data-id=\"47572a8f\" data-element_type=\"column\">\n\t\t\t<div class=\"elementor-widget-wrap elementor-element-populated\">\n\t\t\t\t\t\t<div class=\"elementor-element elementor-element-27d392a3 elementor-widget elementor-widget-heading\" data-id=\"27d392a3\" data-element_type=\"widget\" data-widget_type=\"heading.default\">\n\t\t\t\t\t<h2 class=\"elementor-heading-title elementor-size-default\">Kieferorthognathische Chirurgie (Orthognathic Surgery)<\/h2>\t\t\t\t<\/div>\n\t\t\t\t<section class=\"elementor-section elementor-inner-section elementor-element elementor-element-2e18f447 elementor-section-boxed elementor-section-height-default elementor-section-height-default wpr-particle-no wpr-jarallax-no wpr-parallax-no wpr-sticky-section-no elementor-invisible\" data-id=\"2e18f447\" data-element_type=\"section\" data-settings=\"{&quot;animation&quot;:&quot;fadeIn&quot;}\">\n\t\t\t\t\t\t<div class=\"elementor-container elementor-column-gap-default\">\n\t\t\t\t\t<div class=\"elementor-column elementor-col-50 elementor-inner-column elementor-element elementor-element-7e00514b\" data-id=\"7e00514b\" data-element_type=\"column\">\n\t\t\t<div class=\"elementor-widget-wrap elementor-element-populated\">\n\t\t\t\t\t\t<div class=\"elementor-element elementor-element-ebd801f elementor-invisible elementor-widget elementor-widget-text-editor\" data-id=\"ebd801f\" data-element_type=\"widget\" data-settings=\"{&quot;_animation&quot;:&quot;slideInUp&quot;,&quot;_animation_delay&quot;:100}\" data-widget_type=\"text-editor.default\">\n\t\t\t\t\t\t\t\t\t<p>Wenn Ober\u2011 und Unterkiefer nicht korrekt ausgerichtet sind, kann das zu Problemen wie Kau\u00adbeschwerden, Sprech\u00adst\u00f6rungen, chronischen Kieferschmerzen, Atemwegsproblemen oder Gesichtsasymmetrie f\u00fchren. Die orthognathische Chirurgie korrigiert diese kn\u00f6chernen Abweichungen und stellt sowohl Funktion als auch \u00c4sthetik wieder her. Mit moderner 3D\u2011Bildgebung und virtueller chirurgischer Planung gestalten wir jeden Eingriff mit hoher Genauigkeit, um vorhersehbare Ergebnisse und schnellere, reibungslosere Heilung zu erm\u00f6glichen.<\/p>\t\t\t\t\t\t\t\t<\/div>\n\t\t\t\t\t<\/div>\n\t\t<\/div>\n\t\t\t\t<div class=\"elementor-column elementor-col-50 elementor-inner-column elementor-element elementor-element-1ad19ed7\" data-id=\"1ad19ed7\" data-element_type=\"column\">\n\t\t\t<div class=\"elementor-widget-wrap elementor-element-populated\">\n\t\t\t\t\t\t<div class=\"elementor-element elementor-element-ab6ff84 elementor-invisible elementor-widget elementor-widget-text-editor\" data-id=\"ab6ff84\" data-element_type=\"widget\" data-settings=\"{&quot;_animation&quot;:&quot;slideInUp&quot;,&quot;_animation_delay&quot;:100}\" data-widget_type=\"text-editor.default\">\n\t\t\t\t\t\t\t\t\t<p>Vorteile sind u.\u202fa. verbesserter Biss und Kaueffizienz, bessere Sprechfunktion, verbesserte Atmung, harmonisches Gesichtserg\u00e4nzungsbild und gesteigerte Lebensqualit\u00e4t.<\/p>\t\t\t\t\t\t\t\t<\/div>\n\t\t\t\t\t<\/div>\n\t\t<\/div>\n\t\t\t\t\t<\/div>\n\t\t<\/section>\n\t\t\t\t\t<\/div>\n\t\t<\/div>\n\t\t\t\t\t<\/div>\n\t\t<\/section>\n\t\t<div class=\"elementor-element elementor-element-3b8d07b e-flex e-con-boxed wpr-particle-no wpr-jarallax-no wpr-parallax-no wpr-sticky-section-no e-con e-parent\" data-id=\"3b8d07b\" data-element_type=\"container\">\n\t\t\t\t\t<div class=\"e-con-inner\">\n\t\t\t\t<div class=\"elementor-element elementor-element-5d8a8c7 wpr-grid-columns-3 wpr-grid-columns--tablet2 wpr-grid-columns--mobile1 wpr-grid-pagination-center wpr-item-styles-inner elementor-widget elementor-widget-wpr-grid\" data-id=\"5d8a8c7\" data-element_type=\"widget\" data-widget_type=\"wpr-grid.default\">\n\t\t\t\t\t<h2>No Posts Found!<\/h2>\t\t\t\t<\/div>\n\t\t\t\t\t<\/div>\n\t\t\t\t<\/div>\n\t\t\t\t<\/div>","protected":false},"excerpt":{"rendered":"<p>Home About Contact languages Arabic English Deutsch Home About Contact languages Arabic English Deutsch Kieferorthognathische Chirurgie (Orthognathic Surgery) Wenn Ober\u2011 und Unterkiefer nicht korrekt ausgerichtet sind, kann das zu Problemen wie Kau\u00adbeschwerden, Sprech\u00adst\u00f6rungen, chronischen Kieferschmerzen, Atemwegsproblemen oder Gesichtsasymmetrie f\u00fchren. Die orthognathische Chirurgie korrigiert diese kn\u00f6chernen Abweichungen und stellt sowohl Funktion als auch \u00c4sthetik wieder her. Mit moderner 3D\u2011Bildgebung und virtueller chirurgischer Planung gestalten wir jeden Eingriff mit hoher Genauigkeit, um vorhersehbare Ergebnisse und schnellere, reibungslosere Heilung zu erm\u00f6glichen. Vorteile sind u.\u202fa. verbesserter Biss und Kaueffizienz, bessere Sprechfunktion, verbesserte Atmung, harmonisches Gesichtserg\u00e4nzungsbild und gesteigerte Lebensqualit\u00e4t. No Posts Found!<\/p>","protected":false},"author":1,"featured_media":0,"parent":0,"menu_order":0,"comment_status":"closed","ping_status":"closed","template":"elementor_canvas","meta":{"footnotes":""},"class_list":["post-5301","page","type-page","status-publish","hentry"],"yoast_head":"<!-- This site is optimized with the Yoast SEO plugin v26.2 - https:\/\/yoast.com\/wordpress\/plugins\/seo\/ -->\n<title>Orthognathic (Jaw) Surgery Deutsch - bradteam1<\/title>\n<meta name=\"robots\" content=\"index, follow, max-snippet:-1, max-image-preview:large, max-video-preview:-1\" \/>\n<link rel=\"canonical\" href=\"https:\/\/bradteamacademy.org\/ar\/orthognathic-jaw-surgery-3\/\" \/>\n<meta property=\"og:locale\" content=\"ar_AR\" \/>\n<meta property=\"og:type\" content=\"article\" \/>\n<meta property=\"og:title\" content=\"Orthognathic (Jaw) Surgery Deutsch - bradteam1\" \/>\n<meta property=\"og:description\" content=\"Home About Contact languages Arabic English Deutsch Home About Contact languages Arabic English Deutsch Kieferorthognathische Chirurgie (Orthognathic Surgery) Wenn Ober\u2011 und Unterkiefer nicht korrekt ausgerichtet sind, kann das zu Problemen wie Kau\u00adbeschwerden, Sprech\u00adst\u00f6rungen, chronischen Kieferschmerzen, Atemwegsproblemen oder Gesichtsasymmetrie f\u00fchren. Die orthognathische Chirurgie korrigiert diese kn\u00f6chernen Abweichungen und stellt sowohl Funktion als auch \u00c4sthetik wieder her. Mit moderner 3D\u2011Bildgebung und virtueller chirurgischer Planung gestalten wir jeden Eingriff mit hoher Genauigkeit, um vorhersehbare Ergebnisse und schnellere, reibungslosere Heilung zu erm\u00f6glichen. Vorteile sind u.\u202fa. verbesserter Biss und Kaueffizienz, bessere Sprechfunktion, verbesserte Atmung, harmonisches Gesichtserg\u00e4nzungsbild und gesteigerte Lebensqualit\u00e4t. No Posts Found!\" \/>\n<meta property=\"og:url\" content=\"https:\/\/bradteamacademy.org\/ar\/orthognathic-jaw-surgery-3\/\" \/>\n<meta property=\"og:site_name\" content=\"bradteam1\" \/>\n<meta property=\"article:modified_time\" content=\"2025-10-30T09:35:33+00:00\" \/>\n<meta property=\"og:image\" content=\"https:\/\/bradteamacademy.org\/wp-content\/uploads\/2023\/12\/logo-brad.png\" \/>\n<meta name=\"twitter:card\" content=\"summary_large_image\" \/>\n<meta name=\"twitter:label1\" content=\"\u0648\u0642\u062a \u0627\u0644\u0642\u0631\u0627\u0621\u0629 \u0627\u0644\u0645\u064f\u0642\u062f\u0651\u0631\" \/>\n\t<meta name=\"twitter:data1\" content=\"\u062f\u0642\u064a\u0642\u0629 \u0648\u0627\u062d\u062f\u0629\" \/>\n<script type=\"application\/ld+json\" class=\"yoast-schema-graph\">{\"@context\":\"https:\/\/schema.org\",\"@graph\":[{\"@type\":\"WebPage\",\"@id\":\"https:\/\/bradteamacademy.org\/orthognathic-jaw-surgery-3\/\",\"url\":\"https:\/\/bradteamacademy.org\/orthognathic-jaw-surgery-3\/\",\"name\":\"Orthognathic (Jaw) Surgery Deutsch - bradteam1\",\"isPartOf\":{\"@id\":\"https:\/\/bradteamacademy.org\/#website\"},\"primaryImageOfPage\":{\"@id\":\"https:\/\/bradteamacademy.org\/orthognathic-jaw-surgery-3\/#primaryimage\"},\"image\":{\"@id\":\"https:\/\/bradteamacademy.org\/orthognathic-jaw-surgery-3\/#primaryimage\"},\"thumbnailUrl\":\"https:\/\/bradteamacademy.org\/wp-content\/uploads\/2023\/12\/logo-brad.png\",\"datePublished\":\"2025-10-29T09:19:06+00:00\",\"dateModified\":\"2025-10-30T09:35:33+00:00\",\"breadcrumb\":{\"@id\":\"https:\/\/bradteamacademy.org\/orthognathic-jaw-surgery-3\/#breadcrumb\"},\"inLanguage\":\"ar\",\"potentialAction\":[{\"@type\":\"ReadAction\",\"target\":[\"https:\/\/bradteamacademy.org\/orthognathic-jaw-surgery-3\/\"]}]},{\"@type\":\"ImageObject\",\"inLanguage\":\"ar\",\"@id\":\"https:\/\/bradteamacademy.org\/orthognathic-jaw-surgery-3\/#primaryimage\",\"url\":\"https:\/\/bradteamacademy.org\/wp-content\/uploads\/2023\/12\/logo-brad.png\",\"contentUrl\":\"https:\/\/bradteamacademy.org\/wp-content\/uploads\/2023\/12\/logo-brad.png\"},{\"@type\":\"BreadcrumbList\",\"@id\":\"https:\/\/bradteamacademy.org\/orthognathic-jaw-surgery-3\/#breadcrumb\",\"itemListElement\":[{\"@type\":\"ListItem\",\"position\":1,\"name\":\"Home\",\"item\":\"https:\/\/bradteamacademy.org\/\"},{\"@type\":\"ListItem\",\"position\":2,\"name\":\"Orthognathic (Jaw) Surgery Deutsch\"}]},{\"@type\":\"WebSite\",\"@id\":\"https:\/\/bradteamacademy.org\/#website\",\"url\":\"https:\/\/bradteamacademy.org\/\",\"name\":\"bradteam1\",\"description\":\"Just another WordPress site\",\"potentialAction\":[{\"@type\":\"SearchAction\",\"target\":{\"@type\":\"EntryPoint\",\"urlTemplate\":\"https:\/\/bradteamacademy.org\/?s={search_term_string}\"},\"query-input\":{\"@type\":\"PropertyValueSpecification\",\"valueRequired\":true,\"valueName\":\"search_term_string\"}}],\"inLanguage\":\"ar\"}]}<\/script>\n<!-- \/ Yoast SEO plugin. -->","yoast_head_json":{"title":"Orthognathic (Jaw) Surgery Deutsch - bradteam1","robots":{"index":"index","follow":"follow","max-snippet":"max-snippet:-1","max-image-preview":"max-image-preview:large","max-video-preview":"max-video-preview:-1"},"canonical":"https:\/\/bradteamacademy.org\/ar\/orthognathic-jaw-surgery-3\/","og_locale":"ar_AR","og_type":"article","og_title":"Orthognathic (Jaw) Surgery Deutsch - bradteam1","og_description":"Home About Contact languages Arabic English Deutsch Home About Contact languages Arabic English Deutsch Kieferorthognathische Chirurgie (Orthognathic Surgery) Wenn Ober\u2011 und Unterkiefer nicht korrekt ausgerichtet sind, kann das zu Problemen wie Kau\u00adbeschwerden, Sprech\u00adst\u00f6rungen, chronischen Kieferschmerzen, Atemwegsproblemen oder Gesichtsasymmetrie f\u00fchren. Die orthognathische Chirurgie korrigiert diese kn\u00f6chernen Abweichungen und stellt sowohl Funktion als auch \u00c4sthetik wieder her. Mit moderner 3D\u2011Bildgebung und virtueller chirurgischer Planung gestalten wir jeden Eingriff mit hoher Genauigkeit, um vorhersehbare Ergebnisse und schnellere, reibungslosere Heilung zu erm\u00f6glichen. Vorteile sind u.\u202fa. verbesserter Biss und Kaueffizienz, bessere Sprechfunktion, verbesserte Atmung, harmonisches Gesichtserg\u00e4nzungsbild und gesteigerte Lebensqualit\u00e4t. No Posts Found!","og_url":"https:\/\/bradteamacademy.org\/ar\/orthognathic-jaw-surgery-3\/","og_site_name":"bradteam1","article_modified_time":"2025-10-30T09:35:33+00:00","og_image":[{"url":"https:\/\/bradteamacademy.org\/wp-content\/uploads\/2023\/12\/logo-brad.png","type":"","width":"","height":""}],"twitter_card":"summary_large_image","twitter_misc":{"\u0648\u0642\u062a \u0627\u0644\u0642\u0631\u0627\u0621\u0629 \u0627\u0644\u0645\u064f\u0642\u062f\u0651\u0631":"\u062f\u0642\u064a\u0642\u0629 \u0648\u0627\u062d\u062f\u0629"},"schema":{"@context":"https:\/\/schema.org","@graph":[{"@type":"WebPage","@id":"https:\/\/bradteamacademy.org\/orthognathic-jaw-surgery-3\/","url":"https:\/\/bradteamacademy.org\/orthognathic-jaw-surgery-3\/","name":"Orthognathic (Jaw) Surgery Deutsch - bradteam1","isPartOf":{"@id":"https:\/\/bradteamacademy.org\/#website"},"primaryImageOfPage":{"@id":"https:\/\/bradteamacademy.org\/orthognathic-jaw-surgery-3\/#primaryimage"},"image":{"@id":"https:\/\/bradteamacademy.org\/orthognathic-jaw-surgery-3\/#primaryimage"},"thumbnailUrl":"https:\/\/bradteamacademy.org\/wp-content\/uploads\/2023\/12\/logo-brad.png","datePublished":"2025-10-29T09:19:06+00:00","dateModified":"2025-10-30T09:35:33+00:00","breadcrumb":{"@id":"https:\/\/bradteamacademy.org\/orthognathic-jaw-surgery-3\/#breadcrumb"},"inLanguage":"ar","potentialAction":[{"@type":"ReadAction","target":["https:\/\/bradteamacademy.org\/orthognathic-jaw-surgery-3\/"]}]},{"@type":"ImageObject","inLanguage":"ar","@id":"https:\/\/bradteamacademy.org\/orthognathic-jaw-surgery-3\/#primaryimage","url":"https:\/\/bradteamacademy.org\/wp-content\/uploads\/2023\/12\/logo-brad.png","contentUrl":"https:\/\/bradteamacademy.org\/wp-content\/uploads\/2023\/12\/logo-brad.png"},{"@type":"BreadcrumbList","@id":"https:\/\/bradteamacademy.org\/orthognathic-jaw-surgery-3\/#breadcrumb","itemListElement":[{"@type":"ListItem","position":1,"name":"Home","item":"https:\/\/bradteamacademy.org\/"},{"@type":"ListItem","position":2,"name":"Orthognathic (Jaw) Surgery Deutsch"}]},{"@type":"WebSite","@id":"https:\/\/bradteamacademy.org\/#website","url":"https:\/\/bradteamacademy.org\/","name":"bradteam1","description":"Just another WordPress site","potentialAction":[{"@type":"SearchAction","target":{"@type":"EntryPoint","urlTemplate":"https:\/\/bradteamacademy.org\/?s={search_term_string}"},"query-input":{"@type":"PropertyValueSpecification","valueRequired":true,"valueName":"search_term_string"}}],"inLanguage":"ar"}]}},"_links":{"self":[{"href":"https:\/\/bradteamacademy.org\/ar\/wp-json\/wp\/v2\/pages\/5301","targetHints":{"allow":["GET"]}}],"collection":[{"href":"https:\/\/bradteamacademy.org\/ar\/wp-json\/wp\/v2\/pages"}],"about":[{"href":"https:\/\/bradteamacademy.org\/ar\/wp-json\/wp\/v2\/types\/page"}],"author":[{"embeddable":true,"href":"https:\/\/bradteamacademy.org\/ar\/wp-json\/wp\/v2\/users\/1"}],"replies":[{"embeddable":true,"href":"https:\/\/bradteamacademy.org\/ar\/wp-json\/wp\/v2\/comments?post=5301"}],"version-history":[{"count":14,"href":"https:\/\/bradteamacademy.org\/ar\/wp-json\/wp\/v2\/pages\/5301\/revisions"}],"predecessor-version":[{"id":5779,"href":"https:\/\/bradteamacademy.org\/ar\/wp-json\/wp\/v2\/pages\/5301\/revisions\/5779"}],"wp:attachment":[{"href":"https:\/\/bradteamacademy.org\/ar\/wp-json\/wp\/v2\/media?parent=5301"}],"curies":[{"name":"wp","href":"https:\/\/api.w.org\/{rel}","templated":true}]}}