{"id":5258,"date":"2025-10-29T08:48:55","date_gmt":"2025-10-29T08:48:55","guid":{"rendered":"https:\/\/bradteamacademy.org\/?page_id=5258"},"modified":"2025-10-30T09:27:54","modified_gmt":"2025-10-30T09:27:54","slug":"surgical-extraction-2","status":"publish","type":"page","link":"https:\/\/bradteamacademy.org\/ar\/surgical-extraction-2\/","title":{"rendered":"\u0627\u0644\u0642\u0644\u0639 \u0627\u0644\u062c\u0631\u0627\u062d\u064a"},"content":{"rendered":"<div data-elementor-type=\"wp-page\" data-elementor-id=\"5258\" class=\"elementor elementor-5258\">\n\t\t\t\t<div class=\"elementor-element elementor-element-5580f2f e-flex e-con-boxed wpr-particle-no wpr-jarallax-no wpr-parallax-no wpr-sticky-section-no e-con e-parent\" data-id=\"5580f2f\" data-element_type=\"container\" data-settings=\"{&quot;background_background&quot;:&quot;classic&quot;}\">\n\t\t\t\t\t<div class=\"e-con-inner\">\n\t\t<div class=\"elementor-element elementor-element-f83dbe5 e-con-full e-flex wpr-particle-no wpr-jarallax-no wpr-parallax-no wpr-sticky-section-no e-con e-child\" data-id=\"f83dbe5\" data-element_type=\"container\">\n\t\t\t\t<div class=\"elementor-element elementor-element-fb0341c wpr-logo-position-center elementor-widget elementor-widget-wpr-logo\" data-id=\"fb0341c\" data-element_type=\"widget\" data-widget_type=\"wpr-logo.default\">\n\t\t\t\t\t\t\t\t\n\t\t\t<div class=\"wpr-logo elementor-clearfix\">\n\n\t\t\t\t\t\t\t\t<picture class=\"wpr-logo-image\">\n\t\t\t\t\t\t\t\t\t\t<source media=\"(max-width: 767px)\" srcset=\"https:\/\/bradteamacademy.org\/wp-content\/uploads\/2023\/12\/logo-brad-1.png\">\t\n\t\t\t\t\t\n\t\t\t\t\t\t\t\t\t\t<source srcset=\"https:\/\/bradteamacademy.org\/wp-content\/uploads\/2023\/12\/logo-brad.png 1x, https:\/\/bradteamacademy.org\/wp-content\/uploads\/2023\/12\/logo-brad-1.png 2x\">\t\n\t\t\t\t\t\t\t\t\t\t\n\t\t\t\t\t<img decoding=\"async\" src=\"https:\/\/bradteamacademy.org\/wp-content\/uploads\/2023\/12\/logo-brad.png\" alt=\"\">\n\n\t\t\t\t\t\t\t\t\t\t\t<a class=\"wpr-logo-url\" rel=\"home\" aria-label=\"\" href=\"https:\/\/bradteamacademy.org\/ar\/\"><\/a>\n\t\t\t\t\t\t\t\t\t<\/picture>\n\t\t\t\t\n\t\t\t\t\n\t\t\t\t\t\t\t\t\t<a class=\"wpr-logo-url\" rel=\"home\" aria-label=\"\" href=\"https:\/\/bradteamacademy.org\/ar\/\"><\/a>\n\t\t\t\t\n\t\t\t<\/div>\n\t\t\t\t\n\t\t\t\t\t\t<\/div>\n\t\t\t\t<\/div>\n\t\t<div class=\"elementor-element elementor-element-5bed928 e-con-full e-flex wpr-particle-no wpr-jarallax-no wpr-parallax-no wpr-sticky-section-no e-con e-child\" data-id=\"5bed928\" data-element_type=\"container\">\n\t\t\t\t<div class=\"elementor-element elementor-element-c8df6a4 wpr-main-menu-align-center wpr-pointer-line-fx wpr-pointer-fx-slide wpr-main-menu-align--tabletcenter wpr-nav-menu-bp-tablet wpr-main-menu-align--mobilecenter wpr-pointer-underline wpr-sub-icon-caret-down wpr-sub-menu-fx-fade wpr-mobile-menu-full-width wpr-mobile-menu-item-align-center wpr-mobile-toggle-v1 wpr-sub-divider-yes elementor-widget elementor-widget-wpr-nav-menu\" data-id=\"c8df6a4\" data-element_type=\"widget\" data-settings=\"{&quot;menu_layout&quot;:&quot;horizontal&quot;}\" data-widget_type=\"wpr-nav-menu.default\">\n\t\t\t\t\t<nav class=\"wpr-nav-menu-container wpr-nav-menu-horizontal\" data-trigger=\"hover\"><ul id=\"menu-1-c8df6a4\" class=\"wpr-nav-menu\"><li class=\"menu-item menu-item-type-post_type menu-item-object-page menu-item-5571\"><a href=\"https:\/\/bradteamacademy.org\/ar\/home\/\" class=\"wpr-menu-item wpr-pointer-item\">Hauptseite<\/a><\/li>\n<li class=\"menu-item menu-item-type-post_type menu-item-object-page menu-item-5572\"><a href=\"https:\/\/bradteamacademy.org\/ar\/about-2\/\" class=\"wpr-menu-item wpr-pointer-item\">\u00dcber uns<\/a><\/li>\n<li class=\"menu-item menu-item-type-post_type menu-item-object-page menu-item-6172\"><a href=\"https:\/\/bradteamacademy.org\/ar\/our-patients-deutsch\/\" class=\"wpr-menu-item wpr-pointer-item\">Unsere Patienten<\/a><\/li>\n<li class=\"menu-item menu-item-type-post_type menu-item-object-page menu-item-5573\"><a href=\"https:\/\/bradteamacademy.org\/ar\/contact-deutsch\/\" class=\"wpr-menu-item wpr-pointer-item\">Kontakt<\/a><\/li>\n<li class=\"menu-item menu-item-type-custom menu-item-object-custom menu-item-has-children menu-item-5574\"><a aria-haspopup=\"true\" aria-expanded=\"false\" href=\"#\" class=\"wpr-menu-item wpr-pointer-item\">languages<i class=\"wpr-sub-icon fas\" aria-hidden=\"true\"><\/i><\/a>\n<ul class=\"sub-menu wpr-sub-menu\">\n\t<li class=\"menu-item menu-item-type-post_type menu-item-object-page menu-item-home menu-item-5881\"><a href=\"https:\/\/bradteamacademy.org\/ar\/\" class=\"wpr-sub-menu-item\">English<\/a><\/li>\n\t<li class=\"menu-item menu-item-type-custom menu-item-object-custom menu-item-home menu-item-5882\"><a href=\"https:\/\/bradteamacademy.org\/ar\/\" class=\"wpr-sub-menu-item\">Arabic<\/a><\/li>\n\t<li class=\"menu-item menu-item-type-post_type menu-item-object-page menu-item-5577\"><a href=\"https:\/\/bradteamacademy.org\/ar\/home\/\" class=\"wpr-sub-menu-item\">Deutsch<\/a><\/li>\n<\/ul>\n<\/li>\n<\/ul><\/nav><nav class=\"wpr-mobile-nav-menu-container\"><div class=\"wpr-mobile-toggle-wrap\"><div class=\"wpr-mobile-toggle\"><span class=\"wpr-mobile-toggle-line\"><\/span><span class=\"wpr-mobile-toggle-line\"><\/span><span class=\"wpr-mobile-toggle-line\"><\/span><\/div><\/div><ul id=\"mobile-menu-2-c8df6a4\" class=\"wpr-mobile-nav-menu\"><li class=\"menu-item menu-item-type-post_type menu-item-object-page menu-item-5571\"><a href=\"https:\/\/bradteamacademy.org\/ar\/home\/\" class=\"wpr-mobile-menu-item\">Hauptseite<\/a><\/li>\n<li class=\"menu-item menu-item-type-post_type menu-item-object-page menu-item-5572\"><a href=\"https:\/\/bradteamacademy.org\/ar\/about-2\/\" class=\"wpr-mobile-menu-item\">\u00dcber uns<\/a><\/li>\n<li class=\"menu-item menu-item-type-post_type menu-item-object-page menu-item-6172\"><a href=\"https:\/\/bradteamacademy.org\/ar\/our-patients-deutsch\/\" class=\"wpr-mobile-menu-item\">Unsere Patienten<\/a><\/li>\n<li class=\"menu-item menu-item-type-post_type menu-item-object-page menu-item-5573\"><a href=\"https:\/\/bradteamacademy.org\/ar\/contact-deutsch\/\" class=\"wpr-mobile-menu-item\">Kontakt<\/a><\/li>\n<li class=\"menu-item menu-item-type-custom menu-item-object-custom menu-item-has-children menu-item-5574\"><a href=\"#\" class=\"wpr-mobile-menu-item\">languages<\/a>\n<ul class=\"sub-menu wpr-sub-menu\">\n\t<li class=\"menu-item menu-item-type-post_type menu-item-object-page menu-item-home menu-item-5881\"><a href=\"https:\/\/bradteamacademy.org\/ar\/\" class=\"wpr-mobile-sub-menu-item\">English<\/a><\/li>\n\t<li class=\"menu-item menu-item-type-custom menu-item-object-custom menu-item-home menu-item-5882\"><a href=\"https:\/\/bradteamacademy.org\/ar\/\" class=\"wpr-mobile-sub-menu-item\">Arabic<\/a><\/li>\n\t<li class=\"menu-item menu-item-type-post_type menu-item-object-page menu-item-5577\"><a href=\"https:\/\/bradteamacademy.org\/ar\/home\/\" class=\"wpr-mobile-sub-menu-item\">Deutsch<\/a><\/li>\n<\/ul>\n<\/li>\n<\/ul><\/nav>\t\t\t\t<\/div>\n\t\t\t\t<\/div>\n\t\t\t\t\t<\/div>\n\t\t\t\t<\/div>\n\t\t\t\t<section class=\"elementor-section elementor-top-section elementor-element elementor-element-3c872277 elementor-section-boxed elementor-section-height-default elementor-section-height-default wpr-particle-no wpr-jarallax-no wpr-parallax-no wpr-sticky-section-no\" data-id=\"3c872277\" data-element_type=\"section\">\n\t\t\t\t\t\t<div class=\"elementor-container elementor-column-gap-default\">\n\t\t\t\t\t<div class=\"elementor-column elementor-col-100 elementor-top-column elementor-element elementor-element-2c310006\" data-id=\"2c310006\" data-element_type=\"column\">\n\t\t\t<div class=\"elementor-widget-wrap elementor-element-populated\">\n\t\t\t\t\t\t<div class=\"elementor-element elementor-element-7fbe9ed5 elementor-widget elementor-widget-heading\" data-id=\"7fbe9ed5\" data-element_type=\"widget\" data-widget_type=\"heading.default\">\n\t\t\t\t\t<h2 class=\"elementor-heading-title elementor-size-default\">Chirurgische Extraktionen<\/h2>\t\t\t\t<\/div>\n\t\t\t\t\t<\/div>\n\t\t<\/div>\n\t\t\t\t\t<\/div>\n\t\t<\/section>\n\t\t<div class=\"elementor-element elementor-element-3f70058 e-flex e-con-boxed wpr-particle-no wpr-jarallax-no wpr-parallax-no wpr-sticky-section-no e-con e-parent\" data-id=\"3f70058\" data-element_type=\"container\">\n\t\t\t\t\t<div class=\"e-con-inner\">\n\t\t<div class=\"elementor-element elementor-element-58ec66d e-con-full e-flex wpr-particle-no wpr-jarallax-no wpr-parallax-no wpr-sticky-section-no e-con e-child\" data-id=\"58ec66d\" data-element_type=\"container\">\n\t\t\t\t<div class=\"elementor-element elementor-element-d041889 elementor-widget elementor-widget-text-editor\" data-id=\"d041889\" data-element_type=\"widget\" data-widget_type=\"text-editor.default\">\n\t\t\t\t\t\t\t\t\t<p>Komplexe Zahnextraktionen, wenn das Herausziehen schwierig ist aufgrund von Faktoren wie:<\/p><ul><li>verlagerten impaktierten Z\u00e4hnen<\/li><li>starkem Kariesbefall oder Zahnbruch<\/li><li>komplizierten Wurzelausl\u00e4ufern oder mehreren Wurzeln<\/li><li>anatomischen Gegebenheiten wie N\u00e4he zu Nerven oder Blutgef\u00e4\u00dfen<\/li><\/ul><p>Diese Eingriffe erfordern oft spezialisierte chirurgische Techniken, manchmal auch Entfernen von Knochen oder Zahnfleisch, um Zugang zu erhalten. In manchen F\u00e4llen erfolgt die Extraktion unter Vollnarkose, um den Patientenkomfort und die Sicherheit zu gew\u00e4hrleisten. Solche komplexen Extraktionen werden in der Regel von Fach\u00e4rzten f\u00fcr Mund\u2011, Gesichts\u2011 und Kieferchirurgie oder erfahrenen Zahn\u00e4rzten mit erweiterter chirurgischer Ausbildung durchgef\u00fchrt.<\/p>\t\t\t\t\t\t\t\t<\/div>\n\t\t\t\t<\/div>\n\t\t<div class=\"elementor-element elementor-element-5b5451a e-con-full e-flex wpr-particle-no wpr-jarallax-no wpr-parallax-no wpr-sticky-section-no e-con e-child\" data-id=\"5b5451a\" data-element_type=\"container\">\n\t\t\t\t<div class=\"elementor-element elementor-element-f9e73db elementor-widget elementor-widget-image\" data-id=\"f9e73db\" data-element_type=\"widget\" data-widget_type=\"image.default\">\n\t\t\t\t\t\t\t\t\t\t\t\t\t\t\t<img fetchpriority=\"high\" decoding=\"async\" width=\"960\" height=\"960\" src=\"https:\/\/bradteamacademy.org\/wp-content\/uploads\/2025\/10\/photo_2025-10-04_19-22-39-copy-1024x1024.jpg\" class=\"attachment-large size-large wp-image-3773\" alt=\"\" srcset=\"https:\/\/bradteamacademy.org\/wp-content\/uploads\/2025\/10\/photo_2025-10-04_19-22-39-copy-1024x1024.jpg 1024w, https:\/\/bradteamacademy.org\/wp-content\/uploads\/2025\/10\/photo_2025-10-04_19-22-39-copy-300x300.jpg 300w, https:\/\/bradteamacademy.org\/wp-content\/uploads\/2025\/10\/photo_2025-10-04_19-22-39-copy-150x150.jpg 150w, https:\/\/bradteamacademy.org\/wp-content\/uploads\/2025\/10\/photo_2025-10-04_19-22-39-copy-768x768.jpg 768w, https:\/\/bradteamacademy.org\/wp-content\/uploads\/2025\/10\/photo_2025-10-04_19-22-39-copy-1536x1536.jpg 1536w, https:\/\/bradteamacademy.org\/wp-content\/uploads\/2025\/10\/photo_2025-10-04_19-22-39-copy-12x12.jpg 12w, https:\/\/bradteamacademy.org\/wp-content\/uploads\/2025\/10\/photo_2025-10-04_19-22-39-copy.jpg 2000w\" sizes=\"(max-width: 960px) 100vw, 960px\" \/>\t\t\t\t\t\t\t\t\t\t\t\t\t\t\t<\/div>\n\t\t\t\t<\/div>\n\t\t\t\t\t<\/div>\n\t\t\t\t<\/div>\n\t\t\t\t<\/div>","protected":false},"excerpt":{"rendered":"<p>Home About Contact languages Arabic English Deutsch Home About Contact languages Arabic English Deutsch Chirurgische Extraktionen Komplexe Zahnextraktionen, wenn das Herausziehen schwierig ist aufgrund von Faktoren wie: verlagerten impaktierten Z\u00e4hnen starkem Kariesbefall oder Zahnbruch komplizierten Wurzelausl\u00e4ufern oder mehreren Wurzeln anatomischen Gegebenheiten wie N\u00e4he zu Nerven oder Blutgef\u00e4\u00dfen Diese Eingriffe erfordern oft spezialisierte chirurgische Techniken, manchmal auch Entfernen von Knochen oder Zahnfleisch, um Zugang zu erhalten. In manchen F\u00e4llen erfolgt die Extraktion unter Vollnarkose, um den Patientenkomfort und die Sicherheit zu gew\u00e4hrleisten. Solche komplexen Extraktionen werden in der Regel von Fach\u00e4rzten f\u00fcr Mund\u2011, Gesichts\u2011 und Kieferchirurgie oder erfahrenen Zahn\u00e4rzten mit erweiterter chirurgischer Ausbildung durchgef\u00fchrt.<\/p>","protected":false},"author":1,"featured_media":0,"parent":0,"menu_order":0,"comment_status":"closed","ping_status":"closed","template":"elementor_canvas","meta":{"footnotes":""},"class_list":["post-5258","page","type-page","status-publish","hentry"],"yoast_head":"<!-- This site is optimized with the Yoast SEO plugin v26.2 - https:\/\/yoast.com\/wordpress\/plugins\/seo\/ -->\n<title>surgical extraction - bradteam1<\/title>\n<meta name=\"robots\" content=\"index, follow, max-snippet:-1, max-image-preview:large, max-video-preview:-1\" \/>\n<link rel=\"canonical\" href=\"https:\/\/bradteamacademy.org\/ar\/surgical-extraction-2\/\" \/>\n<meta property=\"og:locale\" content=\"ar_AR\" \/>\n<meta property=\"og:type\" content=\"article\" \/>\n<meta property=\"og:title\" content=\"surgical extraction - bradteam1\" \/>\n<meta property=\"og:description\" content=\"Home About Contact languages Arabic English Deutsch Home About Contact languages Arabic English Deutsch Chirurgische Extraktionen Komplexe Zahnextraktionen, wenn das Herausziehen schwierig ist aufgrund von Faktoren wie: verlagerten impaktierten Z\u00e4hnen starkem Kariesbefall oder Zahnbruch komplizierten Wurzelausl\u00e4ufern oder mehreren Wurzeln anatomischen Gegebenheiten wie N\u00e4he zu Nerven oder Blutgef\u00e4\u00dfen Diese Eingriffe erfordern oft spezialisierte chirurgische Techniken, manchmal auch Entfernen von Knochen oder Zahnfleisch, um Zugang zu erhalten. In manchen F\u00e4llen erfolgt die Extraktion unter Vollnarkose, um den Patientenkomfort und die Sicherheit zu gew\u00e4hrleisten. Solche komplexen Extraktionen werden in der Regel von Fach\u00e4rzten f\u00fcr Mund\u2011, Gesichts\u2011 und Kieferchirurgie oder erfahrenen Zahn\u00e4rzten mit erweiterter chirurgischer Ausbildung durchgef\u00fchrt.\" \/>\n<meta property=\"og:url\" content=\"https:\/\/bradteamacademy.org\/ar\/surgical-extraction-2\/\" \/>\n<meta property=\"og:site_name\" content=\"bradteam1\" \/>\n<meta property=\"article:modified_time\" content=\"2025-10-30T09:27:54+00:00\" \/>\n<meta property=\"og:image\" content=\"https:\/\/bradteamacademy.org\/wp-content\/uploads\/2023\/12\/logo-brad.png\" \/>\n<meta name=\"twitter:card\" content=\"summary_large_image\" \/>\n<meta name=\"twitter:label1\" content=\"\u0648\u0642\u062a \u0627\u0644\u0642\u0631\u0627\u0621\u0629 \u0627\u0644\u0645\u064f\u0642\u062f\u0651\u0631\" \/>\n\t<meta name=\"twitter:data1\" content=\"\u062f\u0642\u064a\u0642\u0629 \u0648\u0627\u062d\u062f\u0629\" \/>\n<script type=\"application\/ld+json\" class=\"yoast-schema-graph\">{\"@context\":\"https:\/\/schema.org\",\"@graph\":[{\"@type\":\"WebPage\",\"@id\":\"https:\/\/bradteamacademy.org\/surgical-extraction-2\/\",\"url\":\"https:\/\/bradteamacademy.org\/surgical-extraction-2\/\",\"name\":\"surgical extraction - bradteam1\",\"isPartOf\":{\"@id\":\"https:\/\/bradteamacademy.org\/#website\"},\"primaryImageOfPage\":{\"@id\":\"https:\/\/bradteamacademy.org\/surgical-extraction-2\/#primaryimage\"},\"image\":{\"@id\":\"https:\/\/bradteamacademy.org\/surgical-extraction-2\/#primaryimage\"},\"thumbnailUrl\":\"https:\/\/bradteamacademy.org\/wp-content\/uploads\/2023\/12\/logo-brad.png\",\"datePublished\":\"2025-10-29T08:48:55+00:00\",\"dateModified\":\"2025-10-30T09:27:54+00:00\",\"breadcrumb\":{\"@id\":\"https:\/\/bradteamacademy.org\/surgical-extraction-2\/#breadcrumb\"},\"inLanguage\":\"ar\",\"potentialAction\":[{\"@type\":\"ReadAction\",\"target\":[\"https:\/\/bradteamacademy.org\/surgical-extraction-2\/\"]}]},{\"@type\":\"ImageObject\",\"inLanguage\":\"ar\",\"@id\":\"https:\/\/bradteamacademy.org\/surgical-extraction-2\/#primaryimage\",\"url\":\"https:\/\/bradteamacademy.org\/wp-content\/uploads\/2023\/12\/logo-brad.png\",\"contentUrl\":\"https:\/\/bradteamacademy.org\/wp-content\/uploads\/2023\/12\/logo-brad.png\"},{\"@type\":\"BreadcrumbList\",\"@id\":\"https:\/\/bradteamacademy.org\/surgical-extraction-2\/#breadcrumb\",\"itemListElement\":[{\"@type\":\"ListItem\",\"position\":1,\"name\":\"Home\",\"item\":\"https:\/\/bradteamacademy.org\/\"},{\"@type\":\"ListItem\",\"position\":2,\"name\":\"surgical extraction\"}]},{\"@type\":\"WebSite\",\"@id\":\"https:\/\/bradteamacademy.org\/#website\",\"url\":\"https:\/\/bradteamacademy.org\/\",\"name\":\"bradteam1\",\"description\":\"Just another WordPress site\",\"potentialAction\":[{\"@type\":\"SearchAction\",\"target\":{\"@type\":\"EntryPoint\",\"urlTemplate\":\"https:\/\/bradteamacademy.org\/?s={search_term_string}\"},\"query-input\":{\"@type\":\"PropertyValueSpecification\",\"valueRequired\":true,\"valueName\":\"search_term_string\"}}],\"inLanguage\":\"ar\"}]}<\/script>\n<!-- \/ Yoast SEO plugin. -->","yoast_head_json":{"title":"surgical extraction - bradteam1","robots":{"index":"index","follow":"follow","max-snippet":"max-snippet:-1","max-image-preview":"max-image-preview:large","max-video-preview":"max-video-preview:-1"},"canonical":"https:\/\/bradteamacademy.org\/ar\/surgical-extraction-2\/","og_locale":"ar_AR","og_type":"article","og_title":"surgical extraction - bradteam1","og_description":"Home About Contact languages Arabic English Deutsch Home About Contact languages Arabic English Deutsch Chirurgische Extraktionen Komplexe Zahnextraktionen, wenn das Herausziehen schwierig ist aufgrund von Faktoren wie: verlagerten impaktierten Z\u00e4hnen starkem Kariesbefall oder Zahnbruch komplizierten Wurzelausl\u00e4ufern oder mehreren Wurzeln anatomischen Gegebenheiten wie N\u00e4he zu Nerven oder Blutgef\u00e4\u00dfen Diese Eingriffe erfordern oft spezialisierte chirurgische Techniken, manchmal auch Entfernen von Knochen oder Zahnfleisch, um Zugang zu erhalten. In manchen F\u00e4llen erfolgt die Extraktion unter Vollnarkose, um den Patientenkomfort und die Sicherheit zu gew\u00e4hrleisten. Solche komplexen Extraktionen werden in der Regel von Fach\u00e4rzten f\u00fcr Mund\u2011, Gesichts\u2011 und Kieferchirurgie oder erfahrenen Zahn\u00e4rzten mit erweiterter chirurgischer Ausbildung durchgef\u00fchrt.","og_url":"https:\/\/bradteamacademy.org\/ar\/surgical-extraction-2\/","og_site_name":"bradteam1","article_modified_time":"2025-10-30T09:27:54+00:00","og_image":[{"url":"https:\/\/bradteamacademy.org\/wp-content\/uploads\/2023\/12\/logo-brad.png","type":"","width":"","height":""}],"twitter_card":"summary_large_image","twitter_misc":{"\u0648\u0642\u062a \u0627\u0644\u0642\u0631\u0627\u0621\u0629 \u0627\u0644\u0645\u064f\u0642\u062f\u0651\u0631":"\u062f\u0642\u064a\u0642\u0629 \u0648\u0627\u062d\u062f\u0629"},"schema":{"@context":"https:\/\/schema.org","@graph":[{"@type":"WebPage","@id":"https:\/\/bradteamacademy.org\/surgical-extraction-2\/","url":"https:\/\/bradteamacademy.org\/surgical-extraction-2\/","name":"surgical extraction - bradteam1","isPartOf":{"@id":"https:\/\/bradteamacademy.org\/#website"},"primaryImageOfPage":{"@id":"https:\/\/bradteamacademy.org\/surgical-extraction-2\/#primaryimage"},"image":{"@id":"https:\/\/bradteamacademy.org\/surgical-extraction-2\/#primaryimage"},"thumbnailUrl":"https:\/\/bradteamacademy.org\/wp-content\/uploads\/2023\/12\/logo-brad.png","datePublished":"2025-10-29T08:48:55+00:00","dateModified":"2025-10-30T09:27:54+00:00","breadcrumb":{"@id":"https:\/\/bradteamacademy.org\/surgical-extraction-2\/#breadcrumb"},"inLanguage":"ar","potentialAction":[{"@type":"ReadAction","target":["https:\/\/bradteamacademy.org\/surgical-extraction-2\/"]}]},{"@type":"ImageObject","inLanguage":"ar","@id":"https:\/\/bradteamacademy.org\/surgical-extraction-2\/#primaryimage","url":"https:\/\/bradteamacademy.org\/wp-content\/uploads\/2023\/12\/logo-brad.png","contentUrl":"https:\/\/bradteamacademy.org\/wp-content\/uploads\/2023\/12\/logo-brad.png"},{"@type":"BreadcrumbList","@id":"https:\/\/bradteamacademy.org\/surgical-extraction-2\/#breadcrumb","itemListElement":[{"@type":"ListItem","position":1,"name":"Home","item":"https:\/\/bradteamacademy.org\/"},{"@type":"ListItem","position":2,"name":"surgical extraction"}]},{"@type":"WebSite","@id":"https:\/\/bradteamacademy.org\/#website","url":"https:\/\/bradteamacademy.org\/","name":"bradteam1","description":"Just another WordPress site","potentialAction":[{"@type":"SearchAction","target":{"@type":"EntryPoint","urlTemplate":"https:\/\/bradteamacademy.org\/?s={search_term_string}"},"query-input":{"@type":"PropertyValueSpecification","valueRequired":true,"valueName":"search_term_string"}}],"inLanguage":"ar"}]}},"_links":{"self":[{"href":"https:\/\/bradteamacademy.org\/ar\/wp-json\/wp\/v2\/pages\/5258","targetHints":{"allow":["GET"]}}],"collection":[{"href":"https:\/\/bradteamacademy.org\/ar\/wp-json\/wp\/v2\/pages"}],"about":[{"href":"https:\/\/bradteamacademy.org\/ar\/wp-json\/wp\/v2\/types\/page"}],"author":[{"embeddable":true,"href":"https:\/\/bradteamacademy.org\/ar\/wp-json\/wp\/v2\/users\/1"}],"replies":[{"embeddable":true,"href":"https:\/\/bradteamacademy.org\/ar\/wp-json\/wp\/v2\/comments?post=5258"}],"version-history":[{"count":10,"href":"https:\/\/bradteamacademy.org\/ar\/wp-json\/wp\/v2\/pages\/5258\/revisions"}],"predecessor-version":[{"id":5767,"href":"https:\/\/bradteamacademy.org\/ar\/wp-json\/wp\/v2\/pages\/5258\/revisions\/5767"}],"wp:attachment":[{"href":"https:\/\/bradteamacademy.org\/ar\/wp-json\/wp\/v2\/media?parent=5258"}],"curies":[{"name":"wp","href":"https:\/\/api.w.org\/{rel}","templated":true}]}}